{"id":2918,"date":"2023-09-27T17:11:05","date_gmt":"2023-09-27T17:11:05","guid":{"rendered":"http:\/\/www.kanha.ca\/SEC\/?page_id=2918"},"modified":"2024-05-16T15:50:57","modified_gmt":"2024-05-16T15:50:57","slug":"infolettres","status":"publish","type":"page","link":"https:\/\/www.carrefourfgafp.ca\/ComplementaryEducationalServices\/infolettres\/","title":{"rendered":"Newsletter"},"content":{"rendered":"<section class=\"wpb-content-wrapper\"><p>[vc_row][vc_column][\/vc_column][\/vc_row][vc_row][vc_column width=\u00a0\u00bb1\/2&Prime;][vc_empty_space][vc_column_text]<\/p>\n<div class=\"wpb_text_column wpb_content_element \">\n<div class=\"wpb_wrapper\">\n<h3>Inscrivez-vous \u00e0 l\u2019infolettre<\/h3>\n<\/div>\n<\/div>\n<div class=\"wpb_raw_code wpb_content_element wpb_raw_html\">\n<div class=\"wpb_wrapper\">\n<div id=\"mc_embed_signup\">\n<form id=\"mc-embedded-subscribe-form\" class=\"validate\" action=\"https:\/\/carrefourfga.us18.list-manage.com\/subscribe\/post?u=1e2da09591fc9ece162fac0a6&amp;id=4a03ba1dc2\" method=\"post\" name=\"mc-embedded-subscribe-form\" novalidate=\"novalidate\" target=\"_blank\"><\/form>\n<\/div>\n<\/div>\n<\/div>\n<p>[\/vc_column_text][\/vc_column][vc_column width=\u00a0\u00bb1\/2&Prime;][\/vc_column][\/vc_row][vc_row][vc_column width=\u00a0\u00bb1\/2&Prime;][vc_column_text]Nous vous invitons \u00e0 faire conna\u00eetre le site aupr\u00e8s de vos coll\u00e8gues et \u00e0 vous inscrire \u00e0 l\u2019Infolettre. Vous serez ainsi toujours bien au fait des nouveaut\u00e9s et des activit\u00e9s pr\u00e9vues.<\/p>\n<div id=\"wpcf7-f2920-p2918-o1\" class=\"wpcf7 js\" dir=\"ltr\" lang=\"fr-FR\"><\/div>\n<p>[\/vc_column_text][vc_empty_space][\/vc_column][vc_column width=\u00a0\u00bb1\/2&Prime;][vc_raw_html]JTNDJTIxLS0lMjBCZWdpbiUyME1haWxDaGltcCUyMFNpZ251cCUyMEZvcm0lMjAtLSUzRSUwQSUzQ2xpbmslMjBocmVmJTNEJTIyJTJGJTJGY2RuLWltYWdlcy5tYWlsY2hpbXAuY29tJTJGZW1iZWRjb2RlJTJGY2xhc3NpYy0xMF83LmNzcyUyMiUyMHJlbCUzRCUyMnN0eWxlc2hlZXQlMjIlMjB0eXBlJTNEJTIydGV4dCUyRmNzcyUyMiUzRSUwQSUzQ3N0eWxlJTIwdHlwZSUzRCUyMnRleHQlMkZjc3MlMjIlM0UlMEElMDklMjNtY19lbWJlZF9zaWdudXAlN0JiYWNrZ3JvdW5kJTNBJTIzZmZmJTNCJTIwY2xlYXIlM0FsZWZ0JTNCJTIwZm9udCUzQTE0cHglMjBIZWx2ZXRpY2ElMkNBcmlhbCUyQ3NhbnMtc2VyaWYlM0IlMjAlN0QlMEElMDklMkYlMkElMjBBZGQlMjB5b3VyJTIwb3duJTIwTWFpbENoaW1wJTIwZm9ybSUyMHN0eWxlJTIwb3ZlcnJpZGVzJTIwaW4lMjB5b3VyJTIwc2l0ZSUyMHN0eWxlc2hlZXQlMjBvciUyMGluJTIwdGhpcyUyMHN0eWxlJTIwYmxvY2suJTBBJTA5JTIwJTIwJTIwV2UlMjByZWNvbW1lbmQlMjBtb3ZpbmclMjB0aGlzJTIwYmxvY2slMjBhbmQlMjB0aGUlMjBwcmVjZWRpbmclMjBDU1MlMjBsaW5rJTIwdG8lMjB0aGUlMjBIRUFEJTIwb2YlMjB5b3VyJTIwSFRNTCUyMGZpbGUuJTIwJTJBJTJGJTBBJTNDJTJGc3R5bGUlM0UlMEElM0NkaXYlMjBpZCUzRCUyMm1jX2VtYmVkX3NpZ251cCUyMiUzRSUwQSUzQ2Zvcm0lMjBhY3Rpb24lM0QlMjJodHRwcyUzQSUyRiUyRmNhcnJlZm91cmZnYS51czE4Lmxpc3QtbWFuYWdlLmNvbSUyRnN1YnNjcmliZSUyRnBvc3QlM0Z1JTNEMWUyZGEwOTU5MWZjOWVjZTE2MmZhYzBhNiUyNmFtcCUzQmlkJTNENGEwM2JhMWRjMiUyMiUyMG1ldGhvZCUzRCUyMnBvc3QlMjIlMjBpZCUzRCUyMm1jLWVtYmVkZGVkLXN1YnNjcmliZS1mb3JtJTIyJTIwbmFtZSUzRCUyMm1jLWVtYmVkZGVkLXN1YnNjcmliZS1mb3JtJTIyJTIwY2xhc3MlM0QlMjJ2YWxpZGF0ZSUyMiUyMHRhcmdldCUzRCUyMl9ibGFuayUyMiUyMG5vdmFsaWRhdGUlM0UlMEElMjAlMjAlMjAlMjAlM0NkaXYlMjBpZCUzRCUyMm1jX2VtYmVkX3NpZ251cF9zY3JvbGwlMjIlM0UlMEElMDklMEElM0NkaXYlMjBjbGFzcyUzRCUyMm1jLWZpZWxkLWdyb3VwJTIyJTNFJTBBJTA5JTNDbGFiZWwlMjBmb3IlM0QlMjJtY2UtRU1BSUwlMjIlM0VDb3VycmllbCUyMCUzQyUyRmxhYmVsJTNFJTBBJTA5JTNDaW5wdXQlMjB0eXBlJTNEJTIyZW1haWwlMjIlMjB2YWx1ZSUzRCUyMiUyMiUyMG5hbWUlM0QlMjJFTUFJTCUyMiUyMGNsYXNzJTNEJTIycmVxdWlyZWQlMjBlbWFpbCUyMiUyMGlkJTNEJTIybWNlLUVNQUlMJTIyJTNFJTBBJTNDJTJGZGl2JTNFJTBBJTA5JTNDZGl2JTIwaWQlM0QlMjJtY2UtcmVzcG9uc2VzJTIyJTIwY2xhc3MlM0QlMjJjbGVhciUyMiUzRSUwQSUwOSUwOSUzQ2RpdiUyMGNsYXNzJTNEJTIycmVzcG9uc2UlMjIlMjBpZCUzRCUyMm1jZS1lcnJvci1yZXNwb25zZSUyMiUyMHN0eWxlJTNEJTIyZGlzcGxheSUzQW5vbmUlMjIlM0UlM0MlMkZkaXYlM0UlMEElMDklMDklM0NkaXYlMjBjbGFzcyUzRCUyMnJlc3BvbnNlJTIyJTIwaWQlM0QlMjJtY2Utc3VjY2Vzcy1yZXNwb25zZSUyMiUyMHN0eWxlJTNEJTIyZGlzcGxheSUzQW5vbmUlMjIlM0UlM0MlMkZkaXYlM0UlMEElMDklM0MlMkZkaXYlM0UlMjAlMjAlMjAlMjAlM0MlMjEtLSUyMHJlYWwlMjBwZW9wbGUlMjBzaG91bGQlMjBub3QlMjBmaWxsJTIwdGhpcyUyMGluJTIwYW5kJTIwZXhwZWN0JTIwZ29vZCUyMHRoaW5ncyUyMC0lMjBkbyUyMG5vdCUyMHJlbW92ZSUyMHRoaXMlMjBvciUyMHJpc2slMjBmb3JtJTIwYm90JTIwc2lnbnVwcy0tJTNFJTBBJTIwJTIwJTIwJTIwJTNDZGl2JTIwc3R5bGUlM0QlMjJwb3NpdGlvbiUzQSUyMGFic29sdXRlJTNCJTIwbGVmdCUzQSUyMC01MDAwcHglM0IlMjIlMjBhcmlhLWhpZGRlbiUzRCUyMnRydWUlMjIlM0UlM0NpbnB1dCUyMHR5cGUlM0QlMjJ0ZXh0JTIyJTIwbmFtZSUzRCUyMmJfMWUyZGEwOTU5MWZjOWVjZTE2MmZhYzBhNl80YTAzYmExZGMyJTIyJTIwdGFiaW5kZXglM0QlMjItMSUyMiUyMHZhbHVlJTNEJTIyJTIyJTNFJTNDJTJGZGl2JTNFJTBBJTIwJTIwJTIwJTIwJTNDZGl2JTIwY2xhc3MlM0QlMjJjbGVhciUyMiUzRSUzQ2lucHV0JTIwdHlwZSUzRCUyMnN1Ym1pdCUyMiUyMHZhbHVlJTNEJTIyTSUyN2luc2NyaXJlJTIyJTIwbmFtZSUzRCUyMnN1YnNjcmliZSUyMiUyMGlkJTNEJTIybWMtZW1iZWRkZWQtc3Vic2NyaWJlJTIyJTIwY2xhc3MlM0QlMjJidXR0b24lMjIlM0UlM0MlMkZkaXYlM0UlMEElMjAlMjAlMjAlMjAlM0MlMkZkaXYlM0UlMEElM0MlMkZmb3JtJTNFJTBBJTNDJTJGZGl2JTNFJTBBJTNDc2NyaXB0JTIwdHlwZSUzRCUyN3RleHQlMkZqYXZhc2NyaXB0JTI3JTIwc3JjJTNEJTI3JTJGJTJGczMuYW1hem9uYXdzLmNvbSUyRmRvd25sb2Fkcy5tYWlsY2hpbXAuY29tJTJGanMlMkZtYy12YWxpZGF0ZS5qcyUyNyUzRSUzQyUyRnNjcmlwdCUzRSUzQ3NjcmlwdCUyMHR5cGUlM0QlMjd0ZXh0JTJGamF2YXNjcmlwdCUyNyUzRSUyOGZ1bmN0aW9uJTI4JTI0JTI5JTIwJTdCd2luZG93LmZuYW1lcyUyMCUzRCUyMG5ldyUyMEFycmF5JTI4JTI5JTNCJTIwd2luZG93LmZ0eXBlcyUyMCUzRCUyMG5ldyUyMEFycmF5JTI4JTI5JTNCZm5hbWVzJTVCMCU1RCUzRCUyN0VNQUlMJTI3JTNCZnR5cGVzJTVCMCU1RCUzRCUyN2VtYWlsJTI3JTNCZm5hbWVzJTVCMSU1RCUzRCUyN0ZOQU1FJTI3JTNCZnR5cGVzJTVCMSU1RCUzRCUyN3RleHQlMjclM0JmbmFtZXMlNUIyJTVEJTNEJTI3TE5BTUUlMjclM0JmdHlwZXMlNUIyJTVEJTNEJTI3dGV4dCUyNyUzQmZuYW1lcyU1QjMlNUQlM0QlMjdBRERSRVNTJTI3JTNCZnR5cGVzJTVCMyU1RCUzRCUyN2FkZHJlc3MlMjclM0JmbmFtZXMlNUI0JTVEJTNEJTI3UEhPTkUlMjclM0JmdHlwZXMlNUI0JTVEJTNEJTI3cGhvbmUlMjclM0JmbmFtZXMlNUI1JTVEJTNEJTI3QklSVEhEQVklMjclM0JmdHlwZXMlNUI1JTVEJTNEJTI3YmlydGhkYXklMjclM0IlMjAlMkYlMkElMEElMjAlMkElMjBUcmFuc2xhdGVkJTIwZGVmYXVsdCUyMG1lc3NhZ2VzJTIwZm9yJTIwdGhlJTIwJTI0JTIwdmFsaWRhdGlvbiUyMHBsdWdpbi4lMEElMjAlMkElMjBMb2NhbGUlM0ElMjBGUiUwQSUyMCUyQSUyRiUwQSUyNC5leHRlbmQlMjglMjQudmFsaWRhdG9yLm1lc3NhZ2VzJTJDJTIwJTdCJTBBJTIwJTIwJTIwJTIwJTIwJTIwJTIwJTIwcmVxdWlyZWQlM0ElMjAlMjJDZSUyMGNoYW1wJTIwZXN0JTIwcmVxdWlzLiUyMiUyQyUwQSUyMCUyMCUyMCUyMCUyMCUyMCUyMCUyMHJlbW90ZSUzQSUyMCUyMlZldWlsbGV6JTIwcmVtcGxpciUyMGNlJTIwY2hhbXAlMjBwb3VyJTIwY29udGludWVyLiUyMiUyQyUwQSUyMCUyMCUyMCUyMCUyMCUyMCUyMCUyMGVtYWlsJTNBJTIwJTIyVmV1aWxsZXolMjBlbnRyZXIlMjB1bmUlMjBhZHJlc3NlJTIwZW1haWwlMjB2YWxpZGUuJTIyJTJDJTBBJTIwJTIwJTIwJTIwJTIwJTIwJTIwJTIwdXJsJTNBJTIwJTIyVmV1aWxsZXolMjBlbnRyZXIlMjB1bmUlMjBVUkwlMjB2YWxpZGUuJTIyJTJDJTBBJTIwJTIwJTIwJTIwJTIwJTIwJTIwJTIwZGF0ZSUzQSUyMCUyMlZldWlsbGV6JTIwZW50cmVyJTIwdW5lJTIwZGF0ZSUyMHZhbGlkZS4lMjIlMkMlMEElMjAlMjAlMjAlMjAlMjAlMjAlMjAlMjBkYXRlSVNPJTNBJTIwJTIyVmV1aWxsZXolMjBlbnRyZXIlMjB1bmUlMjBkYXRlJTIwdmFsaWRlJTIwJTI4SVNPJTI5LiUyMiUyQyUwQSUyMCUyMCUyMCUyMCUyMCUyMCUyMCUyMG51bWJlciUzQSUyMCUyMlZldWlsbGV6JTIwZW50cmVyJTIwdW4lMjBub21icmUlMjB2YWxpZGUuJTIyJTJDJTBBJTIwJTIwJTIwJTIwJTIwJTIwJTIwJTIwZGlnaXRzJTNBJTIwJTIyVmV1aWxsZXolMjBlbnRyZXIlMjAlMjhzZXVsZW1lbnQlMjklMjB1bmUlMjB2YWxldXIlMjBudW0lQzMlQTlyaXF1ZS4lMjIlMkMlMEElMjAlMjAlMjAlMjAlMjAlMjAlMjAlMjBjcmVkaXRjYXJkJTNBJTIwJTIyVmV1aWxsZXolMjBlbnRyZXIlMjB1biUyMG51bSVDMyVBOXJvJTIwZGUlMjBjYXJ0ZSUyMGRlJTIwY3IlQzMlQTlkaXQlMjB2YWxpZGUuJTIyJTJDJTBBJTIwJTIwJTIwJTIwJTIwJTIwJTIwJTIwZXF1YWxUbyUzQSUyMCUyMlZldWlsbGV6JTIwZW50cmVyJTIwdW5lJTIwbm91dmVsbGUlMjBmb2lzJTIwbGElMjBtJUMzJUFBbWUlMjB2YWxldXIuJTIyJTJDJTBBJTIwJTIwJTIwJTIwJTIwJTIwJTIwJTIwYWNjZXB0JTNBJTIwJTIyVmV1aWxsZXolMjBlbnRyZXIlMjB1bmUlMjB2YWxldXIlMjBhdmVjJTIwdW5lJTIwZXh0ZW5zaW9uJTIwdmFsaWRlLiUyMiUyQyUwQSUyMCUyMCUyMCUyMCUyMCUyMCUyMCUyMG1heGxlbmd0aCUzQSUyMCUyNC52YWxpZGF0b3IuZm9ybWF0JTI4JTIyVmV1aWxsZXolMjBuZSUyMHBhcyUyMGVudHJlciUyMHBsdXMlMjBkZSUyMCU3QjAlN0QlMjBjYXJhY3QlQzMlQThyZXMuJTIyJTI5JTJDJTBBJTIwJTIwJTIwJTIwJTIwJTIwJTIwJTIwbWlubGVuZ3RoJTNBJTIwJTI0LnZhbGlkYXRvci5mb3JtYXQlMjglMjJWZXVpbGxleiUyMGVudHJlciUyMGF1JTIwbW9pbnMlMjAlN0IwJTdEJTIwY2FyYWN0JUMzJUE4cmVzLiUyMiUyOSUyQyUwQSUyMCUyMCUyMCUyMCUyMCUyMCUyMCUyMHJhbmdlbGVuZ3RoJTNBJTIwJTI0LnZhbGlkYXRvci5mb3JtYXQlMjglMjJWZXVpbGxleiUyMGVudHJlciUyMGVudHJlJTIwJTdCMCU3RCUyMGV0JTIwJTdCMSU3RCUyMGNhcmFjdCVDMyVBOHJlcy4lMjIlMjklMkMlMEElMjAlMjAlMjAlMjAlMjAlMjAlMjAlMjByYW5nZSUzQSUyMCUyNC52YWxpZGF0b3IuZm9ybWF0JTI4JTIyVmV1aWxsZXolMjBlbnRyZXIlMjB1bmUlMjB2YWxldXIlMjBlbnRyZSUyMCU3QjAlN0QlMjBldCUyMCU3QjElN0QuJTIyJTI5JTJDJTBBJTIwJTIwJTIwJTIwJTIwJTIwJTIwJTIwbWF4JTNBJTIwJTI0LnZhbGlkYXRvci5mb3JtYXQlMjglMjJWZXVpbGxleiUyMGVudHJlciUyMHVuZSUyMHZhbGV1ciUyMGluZiVDMyVBOXJpZXVyZSUyMG91JTIwJUMzJUE5Z2FsZSUyMCVDMyVBMCUyMCU3QjAlN0QuJTIyJTI5JTJDJTBBJTIwJTIwJTIwJTIwJTIwJTIwJTIwJTIwbWluJTNBJTIwJTI0LnZhbGlkYXRvci5mb3JtYXQlMjglMjJWZXVpbGxleiUyMGVudHJlciUyMHVuZSUyMHZhbGV1ciUyMHN1cCVDMyVBOXJpZXVyZSUyMG91JTIwJUMzJUE5Z2FsZSUyMCVDMyVBMCUyMCU3QjAlN0QuJTIyJTI5JTBBJTdEJTI5JTNCJTdEJTI4alF1ZXJ5JTI5JTI5JTNCdmFyJTIwJTI0bWNqJTIwJTNEJTIwalF1ZXJ5Lm5vQ29uZmxpY3QlMjh0cnVlJTI5JTNCJTNDJTJGc2NyaXB0JTNFJTBBJTNDJTIxLS1FbmQlMjBtY19lbWJlZF9zaWdudXAtLSUzRQ==[\/vc_raw_html][\/vc_column][\/vc_row][vc_row][vc_column width=\u00a0\u00bb1\/2&Prime;][vc_column_text]<\/p>\n<h3>Infolettres pr\u00e9c\u00e9dentes<\/h3>\n<p>[\/vc_column_text][\/vc_column][vc_column width=\u00a0\u00bb1\/2&Prime;][\/vc_column][\/vc_row][vc_row][vc_column width=\u00a0\u00bb1\/3&Prime;][vc_column_text]<\/p>\n<div class=\"wpb_text_column wpb_content_element \">\n<div class=\"wpb_wrapper\">\n<p><a href=\"https:\/\/mailchi.mp\/97e963fa0cb1\/infolettre-sec-speciale-avril2024-12790926?e=8ea5288360#new_tab\" target=\"_blank\" rel=\"noopener noreferrer\"><b>Avril 2024<\/b><\/a><\/p>\n<\/div>\n<\/div>\n<div class=\"wpb_single_image wpb_content_element vc_align_left\"><\/div>\n<p>[\/vc_column_text][vc_single_image image=\u00a0\u00bb4094&Prime; img_size=\u00a0\u00bbfull\u00a0\u00bb][\/vc_column][vc_column width=\u00a0\u00bb1\/3&Prime;][vc_column_text]<\/p>\n<div class=\"wpb_text_column wpb_content_element \">\n<div class=\"wpb_wrapper\">\n<div class=\"wpb_text_column wpb_content_element \">\n<div class=\"wpb_wrapper\">\n<p><a href=\"https:\/\/mailchi.mp\/4676ed788098\/infolettre-sec-mars2024-12787041?e=263c0145f4\" target=\"_blank\" rel=\"noopener noreferrer\"><b>Mars 2024<\/b><\/a><\/p>\n<\/div>\n<\/div>\n<div class=\"wpb_single_image wpb_content_element vc_align_left\"><\/div>\n<\/div>\n<\/div>\n<p>[\/vc_column_text][vc_single_image image=\u00a0\u00bb2969&Prime; img_size=\u00a0\u00bbfull\u00a0\u00bb][\/vc_column][vc_column width=\u00a0\u00bb1\/3&Prime;][vc_column_text]<\/p>\n<div class=\"wpb_text_column wpb_content_element \">\n<div class=\"wpb_wrapper\">\n<p><a href=\"https:\/\/us18.campaign-archive.com\/?e=[UNIQID]&amp;u=1e2da09591fc9ece162fac0a6&amp;id=c265b9afbc\" target=\"_blank\" rel=\"noopener noreferrer\"><b>D\u00e9cembre 2023<\/b><\/a><\/p>\n<\/div>\n<\/div>\n<div class=\"wpb_single_image wpb_content_element vc_align_left\"><\/div>\n<p>[\/vc_column_text][vc_single_image image=\u00a0\u00bb4096&Prime; img_size=\u00a0\u00bbfull\u00a0\u00bb][\/vc_column][\/vc_row][vc_row][vc_column width=\u00a0\u00bb1\/3&Prime;][vc_column_text]<\/p>\n<div class=\"wpb_text_column wpb_content_element \">\n<div class=\"wpb_wrapper\">\n<p><a href=\"https:\/\/mailchi.mp\/7c53f8ebbbcb\/infolettre-sec-juin-12757112?e=[UNIQID]\" target=\"_blank\" rel=\"noopener noreferrer\"><b>Septembre 2023<\/b><\/a><\/p>\n<\/div>\n<\/div>\n<div class=\"wpb_single_image wpb_content_element vc_align_left\"><\/div>\n<p>[\/vc_column_text][vc_single_image image=\u00a0\u00bb4094&Prime; img_size=\u00a0\u00bbfull\u00a0\u00bb][\/vc_column][vc_column width=\u00a0\u00bb1\/3&Prime;][vc_column_text]<\/p>\n<div class=\"wpb_text_column wpb_content_element \">\n<div class=\"wpb_wrapper\">\n<p><a href=\"https:\/\/mailchi.mp\/7c53f8ebbbcb\/infolettre-sec-juin-12757112?e=[UNIQID]\" target=\"_blank\" rel=\"noopener noreferrer\"><b>Juin 2023<\/b><\/a><\/p>\n<\/div>\n<\/div>\n<div class=\"wpb_single_image wpb_content_element vc_align_left\"><\/div>\n<p>[\/vc_column_text][vc_single_image image=\u00a0\u00bb2969&Prime; img_size=\u00a0\u00bbfull\u00a0\u00bb][\/vc_column][vc_column width=\u00a0\u00bb1\/3&Prime;][vc_column_text]<\/p>\n<div class=\"wpb_text_column wpb_content_element \">\n<div class=\"wpb_wrapper\">\n<div class=\"wpb_text_column wpb_content_element \">\n<div class=\"wpb_wrapper\">\n<p><a href=\"https:\/\/us18.campaign-archive.com\/?e=[UNIQID]&amp;u=1e2da09591fc9ece162fac0a6&amp;id=7b9d3e4da2\" target=\"_blank\" rel=\"noopener noreferrer\"><b>Mars 2023<\/b><\/a><\/p>\n<\/div>\n<\/div>\n<div class=\"wpb_single_image wpb_content_element vc_align_left\"><\/div>\n<\/div>\n<\/div>\n<p>[\/vc_column_text][vc_single_image image=\u00a0\u00bb4096&Prime; img_size=\u00a0\u00bbfull\u00a0\u00bb][\/vc_column][\/vc_row][vc_row][vc_column width=\u00a0\u00bb1\/3&Prime;][vc_column_text]<\/p>\n<div class=\"wpb_text_column wpb_content_element \">\n<div class=\"wpb_wrapper\">\n<div class=\"wpb_text_column wpb_content_element \">\n<div class=\"wpb_wrapper\">\n<p><a href=\"https:\/\/mailchi.mp\/270e59349773\/infolettre-sec-dcembre-2022?e=[UNIQID]\" target=\"_blank\" rel=\"noopener noreferrer\"><b>D\u00e9cembre 2022<\/b><\/a><\/p>\n<\/div>\n<\/div>\n<div class=\"wpb_single_image wpb_content_element vc_align_left\"><\/div>\n<\/div>\n<\/div>\n<div class=\"wpb_single_image wpb_content_element vc_align_left\"><\/div>\n<p>[\/vc_column_text][vc_single_image image=\u00a0\u00bb4097&Prime; img_size=\u00a0\u00bbfull\u00a0\u00bb][\/vc_column][vc_column width=\u00a0\u00bb1\/3&Prime;][vc_column_text]<\/p>\n<div class=\"wpb_text_column wpb_content_element \">\n<div class=\"wpb_wrapper\">\n<div class=\"wpb_text_column wpb_content_element \">\n<div class=\"wpb_wrapper\">\n<p><a href=\"https:\/\/mailchi.mp\/f9376888fa59\/infolettre-sc-septembre-2022?e=[UNIQID]\" target=\"_blank\" rel=\"noopener noreferrer\"><b>Septembre 2022<\/b><\/a><\/p>\n<\/div>\n<\/div>\n<div class=\"wpb_single_image wpb_content_element vc_align_left\"><\/div>\n<\/div>\n<\/div>\n<div class=\"wpb_single_image wpb_content_element vc_align_left\"><\/div>\n<p>[\/vc_column_text][vc_single_image image=\u00a0\u00bb4100&Prime; img_size=\u00a0\u00bbfull\u00a0\u00bb][\/vc_column][vc_column width=\u00a0\u00bb1\/3&Prime;][\/vc_column][\/vc_row][vc_section][vc_row][vc_column][vc_empty_space][vc_row_inner][vc_column_inner width=\u00a0\u00bb1\/3&Prime;][vc_column_text]<\/p>\n<div class=\"wpb_text_column wpb_content_element \">\n<div class=\"wpb_wrapper\">\n<div class=\"wpb_text_column wpb_content_element \">\n<div class=\"wpb_wrapper\">\n<p><a href=\"https:\/\/mailchi.mp\/4c0baa53f5c7\/infolettre-des-services-ducatifs-complmentaires?e=[UNIQID]\" target=\"_blank\" rel=\"noopener noreferrer\"><b>Juin 2022<\/b><\/a><\/p>\n<\/div>\n<\/div>\n<div class=\"wpb_single_image wpb_content_element vc_align_left\"><\/div>\n<\/div>\n<\/div>\n<div class=\"wpb_single_image wpb_content_element vc_align_left\"><\/div>\n<p>[\/vc_column_text][vc_single_image image=\u00a0\u00bb4101&Prime; img_size=\u00a0\u00bbfull\u00a0\u00bb][\/vc_column_inner][vc_column_inner width=\u00a0\u00bb1\/3&Prime;][vc_column_text]<\/p>\n<div class=\"wpb_text_column wpb_content_element \">\n<div class=\"wpb_wrapper\">\n<div class=\"wpb_text_column wpb_content_element \">\n<div class=\"wpb_wrapper\">\n<p><a href=\"https:\/\/mailchi.mp\/2e9e82860f39\/infolettre-spciale-sc-webinaires?e=[UNIQID]\" target=\"_blank\" rel=\"noopener noreferrer\"><b>Infolettre sp\u00e9ciale SEC \u2013 Webinaires<\/b><\/a><\/p>\n<\/div>\n<\/div>\n<div class=\"wpb_single_image wpb_content_element vc_align_left\"><\/div>\n<\/div>\n<\/div>\n<div class=\"wpb_single_image wpb_content_element vc_align_left\"><\/div>\n<p>[\/vc_column_text][vc_single_image image=\u00a0\u00bb4102&Prime; img_size=\u00a0\u00bbfull\u00a0\u00bb][\/vc_column_inner][vc_column_inner width=\u00a0\u00bb1\/3&Prime;][vc_column_text]<\/p>\n<div class=\"wpb_text_column wpb_content_element \">\n<div class=\"wpb_wrapper\">\n<div class=\"wpb_text_column wpb_content_element \">\n<div class=\"wpb_wrapper\">\n<div class=\"wpb_text_column wpb_content_element \">\n<div class=\"wpb_wrapper\">\n<p><a href=\"https:\/\/mailchi.mp\/ddb947ff0688\/infolettre-spciale-sec-outil-de-mobilisation-cvi?e=[UNIQID]\" target=\"_blank\" rel=\"noopener noreferrer\"><b>Infolettre sp\u00e9ciale SEC \u2013 Outil de mobilisation CVI<\/b><\/a><\/p>\n<\/div>\n<\/div>\n<div class=\"wpb_single_image wpb_content_element vc_align_left\"><\/div>\n<\/div>\n<\/div>\n<div class=\"wpb_single_image wpb_content_element vc_align_left\"><\/div>\n<\/div>\n<\/div>\n<div class=\"wpb_single_image wpb_content_element vc_align_left\"><\/div>\n<p>[\/vc_column_text][vc_single_image image=\u00a0\u00bb4104&Prime; img_size=\u00a0\u00bbfull\u00a0\u00bb][\/vc_column_inner][\/vc_row_inner][vc_row_inner][vc_column_inner width=\u00a0\u00bb1\/3&Prime;][vc_column_text]<\/p>\n<div class=\"wpb_text_column wpb_content_element \">\n<div class=\"wpb_wrapper\">\n<div class=\"wpb_text_column wpb_content_element \">\n<div class=\"wpb_wrapper\">\n<div class=\"wpb_text_column wpb_content_element \">\n<div class=\"wpb_wrapper\">\n<p><a href=\"https:\/\/mailchi.mp\/ac7aa82ff0ef\/infolettre-des-services-ducatifs-complmentaires?e=%5BUNIQID%5D\" target=\"_blank\" rel=\"noopener noreferrer\"><b>Mars 2022<\/b><\/a><\/p>\n<\/div>\n<\/div>\n<div class=\"wpb_single_image wpb_content_element vc_align_left\"><\/div>\n<\/div>\n<\/div>\n<div class=\"wpb_single_image wpb_content_element vc_align_left\"><\/div>\n<\/div>\n<\/div>\n<div class=\"wpb_single_image wpb_content_element vc_align_left\"><\/div>\n<p>[\/vc_column_text][vc_single_image image=\u00a0\u00bb4107&Prime; img_size=\u00a0\u00bbfull\u00a0\u00bb][\/vc_column_inner][vc_column_inner width=\u00a0\u00bb1\/3&Prime;][vc_column_text]<\/p>\n<div class=\"wpb_text_column wpb_content_element \">\n<div class=\"wpb_wrapper\">\n<div class=\"wpb_text_column wpb_content_element \">\n<div class=\"wpb_wrapper\">\n<div class=\"wpb_text_column wpb_content_element \">\n<div class=\"wpb_wrapper\">\n<div class=\"wpb_text_column wpb_content_element \">\n<div class=\"wpb_wrapper\">\n<p><a href=\"https:\/\/mailchi.mp\/8bf2a539c7fa\/infolettre-des-services-ducatifs-complmentaires?e=[UNIQID]\"><b>D\u00e9cembre 2021<\/b><\/a><\/p>\n<\/div>\n<\/div>\n<div class=\"wpb_single_image wpb_content_element vc_align_left\"><\/div>\n<\/div>\n<\/div>\n<div class=\"wpb_single_image wpb_content_element vc_align_left\"><\/div>\n<\/div>\n<\/div>\n<div class=\"wpb_single_image wpb_content_element vc_align_left\"><\/div>\n<\/div>\n<\/div>\n<div class=\"wpb_single_image wpb_content_element vc_align_left\"><\/div>\n<p>[\/vc_column_text][vc_single_image image=\u00a0\u00bb4108&Prime; img_size=\u00a0\u00bbfull\u00a0\u00bb][\/vc_column_inner][vc_column_inner width=\u00a0\u00bb1\/3&Prime;][vc_column_text]<\/p>\n<div class=\"wpb_text_column wpb_content_element \">\n<div class=\"wpb_wrapper\">\n<div class=\"wpb_text_column wpb_content_element \">\n<div class=\"wpb_wrapper\">\n<div class=\"wpb_text_column wpb_content_element \">\n<div class=\"wpb_wrapper\">\n<div class=\"wpb_text_column wpb_content_element \">\n<div class=\"wpb_wrapper\">\n<div class=\"wpb_text_column wpb_content_element \">\n<div class=\"wpb_wrapper\">\n<p><a href=\"https:\/\/mailchi.mp\/b7822db56f2b\/infolettre-des-services-ducatifs-complmentaires\" target=\"_blank\" rel=\"noopener noreferrer\"><b>Septembre 2021<\/b><\/a><\/p>\n<\/div>\n<\/div>\n<div class=\"wpb_single_image wpb_content_element vc_align_left\"><\/div>\n<\/div>\n<\/div>\n<div class=\"wpb_single_image wpb_content_element vc_align_left\"><\/div>\n<\/div>\n<\/div>\n<div class=\"wpb_single_image wpb_content_element vc_align_left\"><\/div>\n<\/div>\n<\/div>\n<div class=\"wpb_single_image wpb_content_element vc_align_left\"><\/div>\n<\/div>\n<\/div>\n<div class=\"wpb_single_image wpb_content_element vc_align_left\"><\/div>\n<p>[\/vc_column_text][vc_single_image image=\u00a0\u00bb4109&Prime; img_size=\u00a0\u00bbfull\u00a0\u00bb][\/vc_column_inner][\/vc_row_inner][\/vc_column][\/vc_row][\/vc_section]<\/p>\n<\/section>","protected":false},"excerpt":{"rendered":"<p>[vc_row][vc_column][\/vc_column][\/vc_row][vc_row][vc_column width=\u00a0\u00bb1\/2&Prime;][vc_empty_space][vc_column_text] Inscrivez-vous \u00e0 l\u2019infolettre [\/vc_column_text][\/vc_column][vc_column width=\u00a0\u00bb1\/2&Prime;][\/vc_column][\/vc_row][vc_row][vc_column width=\u00a0\u00bb1\/2&Prime;][vc_column_text]Nous vous invitons \u00e0 faire conna\u00eetre le site aupr\u00e8s de vos coll\u00e8gues et [&hellip;]<\/p>\n","protected":false},"author":2,"featured_media":0,"parent":0,"menu_order":0,"comment_status":"closed","ping_status":"closed","template":"","meta":{"_acf_changed":false,"inline_featured_image":false,"_uag_custom_page_level_css":"body{\nbackground:#fff !important;\t\n}","site-sidebar-layout":"no-sidebar","site-content-layout":"plain-container","ast-site-content-layout":"normal-width-container","site-content-style":"default","site-sidebar-style":"default","ast-global-header-display":"","ast-banner-title-visibility":"","ast-main-header-display":"","ast-hfb-above-header-display":"","ast-hfb-below-header-display":"","ast-hfb-mobile-header-display":"","site-post-title":"disabled","ast-breadcrumbs-content":"","ast-featured-img":"disabled","footer-sml-layout":"","theme-transparent-header-meta":"default","adv-header-id-meta":"","stick-header-meta":"","header-above-stick-meta":"","header-main-stick-meta":"","header-below-stick-meta":"","astra-migrate-meta-layouts":"set","ast-page-background-enabled":"default","ast-page-background-meta":{"desktop":{"background-color":"var(--ast-global-color-4)","background-image":"","background-repeat":"repeat","background-position":"center center","background-size":"auto","background-attachment":"scroll","background-type":"","background-media":"","overlay-type":"","overlay-color":"","overlay-opacity":"","overlay-gradient":""},"tablet":{"background-color":"","background-image":"","background-repeat":"repeat","background-position":"center center","background-size":"auto","background-attachment":"scroll","background-type":"","background-media":"","overlay-type":"","overlay-color":"","overlay-opacity":"","overlay-gradient":""},"mobile":{"background-color":"","background-image":"","background-repeat":"repeat","background-position":"center center","background-size":"auto","background-attachment":"scroll","background-type":"","background-media":"","overlay-type":"","overlay-color":"","overlay-opacity":"","overlay-gradient":""}},"ast-content-background-meta":{"desktop":{"background-color":"var(--ast-global-color-5)","background-image":"","background-repeat":"repeat","background-position":"center center","background-size":"auto","background-attachment":"scroll","background-type":"","background-media":"","overlay-type":"","overlay-color":"","overlay-opacity":"","overlay-gradient":""},"tablet":{"background-color":"var(--ast-global-color-5)","background-image":"","background-repeat":"repeat","background-position":"center center","background-size":"auto","background-attachment":"scroll","background-type":"","background-media":"","overlay-type":"","overlay-color":"","overlay-opacity":"","overlay-gradient":""},"mobile":{"background-color":"var(--ast-global-color-5)","background-image":"","background-repeat":"repeat","background-position":"center center","background-size":"auto","background-attachment":"scroll","background-type":"","background-media":"","overlay-type":"","overlay-color":"","overlay-opacity":"","overlay-gradient":""}},"footnotes":""},"class_list":["post-2918","page","type-page","status-publish","hentry"],"acf":[],"uagb_featured_image_src":{"full":false,"thumbnail":false,"medium":false,"medium_large":false,"large":false,"1536x1536":false,"2048x2048":false},"uagb_author_info":{"display_name":"Kanha Chap","author_link":"https:\/\/www.carrefourfgafp.ca\/ComplementaryEducationalServices\/author\/admin_sec\/"},"uagb_comment_info":0,"uagb_excerpt":"[vc_row][vc_column][\/vc_column][\/vc_row][vc_row][vc_column width=\u00a0\u00bb1\/2&Prime;][vc_empty_space][vc_column_text] Inscrivez-vous \u00e0 l\u2019infolettre [\/vc_column_text][\/vc_column][vc_column width=\u00a0\u00bb1\/2&Prime;][\/vc_column][\/vc_row][vc_row][vc_column width=\u00a0\u00bb1\/2&Prime;][vc_column_text]Nous vous invitons \u00e0 faire conna\u00eetre le site aupr\u00e8s de vos coll\u00e8gues et [&hellip;]","_links":{"self":[{"href":"https:\/\/www.carrefourfgafp.ca\/ComplementaryEducationalServices\/wp-json\/wp\/v2\/pages\/2918","targetHints":{"allow":["GET"]}}],"collection":[{"href":"https:\/\/www.carrefourfgafp.ca\/ComplementaryEducationalServices\/wp-json\/wp\/v2\/pages"}],"about":[{"href":"https:\/\/www.carrefourfgafp.ca\/ComplementaryEducationalServices\/wp-json\/wp\/v2\/types\/page"}],"author":[{"embeddable":true,"href":"https:\/\/www.carrefourfgafp.ca\/ComplementaryEducationalServices\/wp-json\/wp\/v2\/users\/2"}],"replies":[{"embeddable":true,"href":"https:\/\/www.carrefourfgafp.ca\/ComplementaryEducationalServices\/wp-json\/wp\/v2\/comments?post=2918"}],"version-history":[{"count":10,"href":"https:\/\/www.carrefourfgafp.ca\/ComplementaryEducationalServices\/wp-json\/wp\/v2\/pages\/2918\/revisions"}],"predecessor-version":[{"id":7973,"href":"https:\/\/www.carrefourfgafp.ca\/ComplementaryEducationalServices\/wp-json\/wp\/v2\/pages\/2918\/revisions\/7973"}],"wp:attachment":[{"href":"https:\/\/www.carrefourfgafp.ca\/ComplementaryEducationalServices\/wp-json\/wp\/v2\/media?parent=2918"}],"curies":[{"name":"wp","href":"https:\/\/api.w.org\/{rel}","templated":true}]}}