{"id":5765,"date":"2023-11-24T14:51:52","date_gmt":"2023-11-24T14:51:52","guid":{"rendered":"https:\/\/www.kanha.ca\/SEC\/?page_id=5765"},"modified":"2024-04-29T14:32:26","modified_gmt":"2024-04-29T14:32:26","slug":"associationsn","status":"publish","type":"page","link":"https:\/\/www.carrefourfgafp.ca\/ComplementaryEducationalServices\/student-life\/associationsn\/","title":{"rendered":"Ressources et partenaires &#8211; Vie \u00e9tudiante"},"content":{"rendered":"\n<div class=\"wp-block-stackable-hero alignfull stk-block-hero stk-block stk-67d0dc6 stk-block-background stk--has-background-overlay\" data-v=\"2\" data-block-id=\"67d0dc6\"><style>.stk-67d0dc6-inner-blocks{align-items:center !important}.stk-67d0dc6{background-color:linear-gradient(90deg,#006ba1 0%,#7bdcb5 100%) !important;background-image:url(https:\/\/www.carrefourfgafp.ca\/ComplementaryEducationalServices\/wp-content\/uploads\/2023\/12\/AdobeStock_350120584.jpeg) !important;background-attachment:fixed !important;min-height:179px !important;align-items:center !important;margin-bottom:0px !important;display:flex !important}.stk-67d0dc6:before{opacity:0.5 !important;background-image:linear-gradient(90deg,#006ba1 0%,#7bdcb5 100%) !important}.stk-67d0dc6 .stk-block-hero__content{min-height:270px !important;align-items:center !important;display:flex !important}@media screen and (max-width:767px){.stk-67d0dc6 .stk-block-hero__content{min-height:97px !important}}<\/style><div class=\"stk-block-hero__content stk-content-align stk-67d0dc6-column alignwide stk-container stk-67d0dc6-container stk--no-background stk--no-padding\"><div class=\"stk-block-content stk-inner-blocks has-text-align-center stk--column-flex stk-67d0dc6-inner-blocks\">\n<div class=\"wp-block-stackable-heading stk-block-heading stk-block-heading--v2 stk-block stk-7fc3600\" id=\"span-style-color-var-ast-global-color-5-class-stk-highlight-plan-daide-a-lapprentissage-span\" data-block-id=\"7fc3600\"><style>.stk-7fc3600{min-height:0px !important}.stk-7fc3600 .stk-block-heading__text{text-shadow:0px 0px 5px #00000066 !important}<\/style><h2 class=\"stk-block-heading__text\"><span style=\"color: var(--ast-global-color-5);\" class=\"stk-highlight\">Ressources et partenaires<\/span><\/h2><\/div>\n<\/div><\/div><\/div>\n\n\n\n<div class=\"wp-block-uagb-container uagb-block-01573757 alignfull uagb-is-root-container\"><div class=\"uagb-container-inner-blocks-wrap\">\n<div class=\"wp-block-stackable-columns stk-block-columns stk-block stk-71321a4\" data-block-id=\"71321a4\"><div class=\"stk-row stk-inner-blocks stk-block-content stk-content-align stk-71321a4-column\">\n<div class=\"wp-block-stackable-column stk-block-column stk-column stk-block stk-2f31e64\" data-v=\"4\" data-block-id=\"2f31e64\"><style>.stk-2f31e64{align-self:center !important}<\/style><div class=\"stk-column-wrapper stk-block-column__content stk-container stk-2f31e64-container stk--no-background stk--no-padding\"><div class=\"stk-block-content stk-inner-blocks stk-2f31e64-inner-blocks\">\n<div class=\"wp-block-stackable-heading stk-block-heading stk-block-heading--v2 stk-block stk-85ac0d3\" id=\"les-demarches-daide-a-leleve-sont-fondamentales-pour-favoriser-leur-epanouissement-scolaire-une-demarche-daide-incluant-une-ecoute-active-un-soutien-adapte-et-la-reference-a-des-services-specialises-assure-un-environnement-propice-a-lapprentissage-et-a-la-reussite-educative\" data-block-id=\"85ac0d3\"><style>.stk-85ac0d3 .stk-block-heading__top-line{background-color:var(--ast-global-color-6) !important}<\/style><div class=\"stk-block-heading__top-line\"><\/div><h4 class=\"stk-block-heading__text\"><strong>Diverses associations peuvent apporter un soutien aux \u00e9l\u00e8ves et au personnel voulant accro\u00eetre le sentiment d\u2019appartenance et le bien-\u00eatre dans les centres de formation<\/strong><\/h4><\/div>\n<\/div><\/div><\/div>\n\n\n\n<div class=\"wp-block-stackable-column stk-block-column stk-column stk-block stk-d576ff1\" data-v=\"4\" data-block-id=\"d576ff1\"><div class=\"stk-column-wrapper stk-block-column__content stk-container stk-d576ff1-container stk--no-background stk--no-padding\"><div class=\"stk-block-content stk-inner-blocks stk-d576ff1-inner-blocks\">\n<p>L\u2019ensemble des ces partenaires d\u00e9montrent de l\u2019ouverture, de l\u2019\u00e9coute et de l\u2019empathie pour amener les \u00e9l\u00e8ves vers l\u2019atteinte de leur plein potentiel. &nbsp;<\/p>\n<\/div><\/div><\/div>\n<\/div><\/div>\n<\/div><\/div>\n\n\n\n<div class=\"wp-block-uagb-container uagb-block-721bc75d alignfull uagb-is-root-container\"><div class=\"uagb-container-inner-blocks-wrap\">\n<div class=\"wp-block-stackable-heading stk-block-heading stk-block-heading--v2 stk-block stk-95c0946\" id=\"span-style-color-var-ast-global-color-3-class-stk-highlight-ressources-du-reseau-span\" data-block-id=\"95c0946\"><style>.stk-95c0946 .stk-block-heading__bottom-line{background-color:var(--ast-global-color-6) !important;margin-top:24px !important}<\/style><h3 class=\"stk-block-heading__text\"><span style=\"color: var(--ast-global-color-3);\" class=\"stk-highlight\">Ressources du r\u00e9seau<\/span><\/h3><div class=\"stk-block-heading__bottom-line\"><\/div><\/div>\n\n\n\n<div data-aos= \"fade-up\" data-aos-duration=\"400\" data-aos-delay=\"0\" data-aos-easing=\"ease\" data-aos-once=\"true\" class=\"wp-block-uagb-container uagb-block-f30cc003 alignfull uagb-is-root-container\"><div class=\"uagb-container-inner-blocks-wrap\">\n<div class=\"wp-block-stackable-feature-grid alignwide stk-block-feature-grid stk-block-columns stk-block stk-9ac3db1 is-style-default\" data-block-id=\"9ac3db1\"><style>.stk-9ac3db1-column{--stk-column-gap:21px !important}<\/style><div class=\"stk-row stk-inner-blocks has-text-align-center stk-block-content stk-content-align stk-9ac3db1-column alignwide\">\n<div class=\"wp-block-stackable-column stk-block-column stk-column stk-block stk-2d83f98 pdf\" data-v=\"4\" data-block-id=\"2d83f98\"><style>.stk-2d83f98-container{margin-top:0px !important;margin-right:0px !important;margin-bottom:0px !important;margin-left:0px !important}.stk-2d83f98{border-radius:10px !important;overflow:hidden !important}<\/style><div class=\"stk-column-wrapper stk-block-column__content stk-container stk-2d83f98-container stk--no-background stk--no-padding\"><div class=\"stk-block-content stk-inner-blocks stk-2d83f98-inner-blocks\">\n<div class=\"wp-block-stackable-image stk-block-image stk-block stk-aa9a5b7\" data-block-id=\"aa9a5b7\"><figure><span class=\"stk-img-wrapper stk-image--shape-stretch\"><img loading=\"lazy\" decoding=\"async\" class=\"stk-img wp-image-5769\" src=\"https:\/\/www.carrefourfgafp.ca\/ComplementaryEducationalServices\/wp-content\/uploads\/2023\/11\/Capture-decran-2023-11-24-095502.png\" width=\"1892\" height=\"916\" srcset=\"https:\/\/www.carrefourfgafp.ca\/ComplementaryEducationalServices\/wp-content\/uploads\/2023\/11\/Capture-decran-2023-11-24-095502.png 1892w, https:\/\/www.carrefourfgafp.ca\/ComplementaryEducationalServices\/wp-content\/uploads\/2023\/11\/Capture-decran-2023-11-24-095502-300x145.png 300w, https:\/\/www.carrefourfgafp.ca\/ComplementaryEducationalServices\/wp-content\/uploads\/2023\/11\/Capture-decran-2023-11-24-095502-1024x496.png 1024w, https:\/\/www.carrefourfgafp.ca\/ComplementaryEducationalServices\/wp-content\/uploads\/2023\/11\/Capture-decran-2023-11-24-095502-768x372.png 768w, https:\/\/www.carrefourfgafp.ca\/ComplementaryEducationalServices\/wp-content\/uploads\/2023\/11\/Capture-decran-2023-11-24-095502-1536x744.png 1536w\" sizes=\"auto, (max-width: 1892px) 100vw, 1892px\" \/><\/span><\/figure><\/div>\n\n\n\n<div class=\"wp-block-stackable-heading stk-block-heading stk-block-heading--v2 stk-block stk-7dd2c8c\" id=\"presentation-des-services-educatifs-complementaires-au-cfga-de-la-jonquiere\" data-block-id=\"7dd2c8c\"><style>.stk-7dd2c8c{padding-right:10px !important;padding-left:10px !important}.stk-7dd2c8c .stk-block-heading__top-line{background-color:var(u002du002dast-global-color-8) !important}<\/style><h5 class=\"stk-block-heading__text has-text-align-center\">ACLAM<\/h5><\/div>\n\n\n\n<div class=\"wp-block-stackable-button-group stk-block-button-group stk-block stk-b10e82c\" data-block-id=\"b10e82c\"><style>.stk-b10e82c{margin-top:10px !important;margin-right:10px !important;margin-bottom:10px !important;margin-left:10px !important}<\/style><div class=\"stk-row stk-inner-blocks has-text-align-center stk-block-content stk-button-group\">\n<div class=\"wp-block-stackable-button stk-block-button is-style-ghost stk-block stk-85411d5\" data-block-id=\"85411d5\"><style>.stk-85411d5{box-shadow:0px 10px 30px #0000000d !important;margin-bottom:24px !important}.stk-85411d5 .stk-button{padding-top:5px !important;padding-bottom:5px !important;background:transparent !important;border-top-left-radius:9px !important;border-top-right-radius:9px !important;border-bottom-right-radius:9px !important;border-bottom-left-radius:9px !important}.stk-85411d5 .stk-button:hover:after{background:var(--ast-global-color-4) !important;opacity:1 !important}:where(.stk-hover-parent:hover,.stk-hover-parent.stk--is-hovered) .stk-85411d5 .stk-button:after{background:transparent !important;opacity:1 !important}.stk-85411d5 .stk-button:before{border-style:solid !important;border-top-width:1px !important;border-right-width:1px !important;border-bottom-width:1px !important;border-left-width:1px !important}.stk-85411d5 .stk-button__inner-text{font-size:16px !important;font-weight:700 !important}@media screen and (max-width:1023px){.stk-85411d5 .stk-button__inner-text{font-size:16px !important}}<\/style><a class=\"stk-link stk-button stk--hover-effect-lift\" href=\"https:\/\/www.aclam.ca\/\" target=\"_blank\" rel=\"noreferrer noopener\"><span class=\"stk-button__inner-text\">Aller sur le site<\/span><\/a><\/div>\n<\/div><\/div>\n<\/div><\/div><\/div>\n\n\n\n<div class=\"wp-block-stackable-column stk-block-column stk-column stk-block stk-c5acd58 pdf\" data-v=\"4\" data-block-id=\"c5acd58\"><style>.stk-c5acd58-container{margin-top:0px !important;margin-right:0px !important;margin-bottom:0px !important;margin-left:0px !important}.stk-c5acd58{border-radius:10px !important;overflow:hidden !important}<\/style><div class=\"stk-column-wrapper stk-block-column__content stk-container stk-c5acd58-container stk--no-background stk--no-padding\"><div class=\"stk-block-content stk-inner-blocks stk-c5acd58-inner-blocks\">\n<div class=\"wp-block-stackable-image stk-block-image stk-block stk-e1dd9f5\" data-block-id=\"e1dd9f5\"><figure><span class=\"stk-img-wrapper stk-image--shape-stretch\"><img loading=\"lazy\" decoding=\"async\" class=\"stk-img wp-image-5770\" src=\"https:\/\/www.carrefourfgafp.ca\/ComplementaryEducationalServices\/wp-content\/uploads\/2023\/11\/Capture-decran-2023-11-24-095343.png\" width=\"1897\" height=\"912\" srcset=\"https:\/\/www.carrefourfgafp.ca\/ComplementaryEducationalServices\/wp-content\/uploads\/2023\/11\/Capture-decran-2023-11-24-095343.png 1897w, https:\/\/www.carrefourfgafp.ca\/ComplementaryEducationalServices\/wp-content\/uploads\/2023\/11\/Capture-decran-2023-11-24-095343-300x144.png 300w, https:\/\/www.carrefourfgafp.ca\/ComplementaryEducationalServices\/wp-content\/uploads\/2023\/11\/Capture-decran-2023-11-24-095343-1024x492.png 1024w, https:\/\/www.carrefourfgafp.ca\/ComplementaryEducationalServices\/wp-content\/uploads\/2023\/11\/Capture-decran-2023-11-24-095343-768x369.png 768w, https:\/\/www.carrefourfgafp.ca\/ComplementaryEducationalServices\/wp-content\/uploads\/2023\/11\/Capture-decran-2023-11-24-095343-1536x738.png 1536w\" sizes=\"auto, (max-width: 1897px) 100vw, 1897px\" \/><\/span><\/figure><\/div>\n\n\n\n<div class=\"wp-block-stackable-heading stk-block-heading stk-block-heading--v2 stk-block stk-b7ce799\" id=\"span-style-color-var-ast-global-color-2-class-stk-highlight-strong-association-professionnelle-strong-br-strong-des-animatrices-et-animateurs-de-vie-spirituelle-strong-br-strong-et-dengagement-communautaire-du-quebec-strong-span\" data-block-id=\"b7ce799\"><style>.stk-b7ce799{padding-right:10px !important;padding-left:10px !important;margin-bottom:24px !important}<\/style><h5 class=\"stk-block-heading__text\"><span style=\"color: var(--ast-global-color-2);\" class=\"stk-highlight\">APAECQ<\/span><\/h5><\/div>\n\n\n\n<div class=\"wp-block-stackable-button-group stk-block-button-group stk-block stk-492ace0\" data-block-id=\"492ace0\"><style>.stk-492ace0{margin-top:10px !important;margin-right:10px !important;margin-bottom:10px !important;margin-left:10px !important}<\/style><div class=\"stk-row stk-inner-blocks has-text-align-center stk-block-content stk-button-group\">\n<div class=\"wp-block-stackable-button stk-block-button is-style-ghost stk-block stk-20ab2db\" data-block-id=\"20ab2db\"><style>.stk-20ab2db{box-shadow:0px 10px 30px #0000000d !important;margin-bottom:24px !important}.stk-20ab2db .stk-button{padding-top:5px !important;padding-bottom:5px !important;background:transparent !important;border-top-left-radius:9px !important;border-top-right-radius:9px !important;border-bottom-right-radius:9px !important;border-bottom-left-radius:9px !important}.stk-20ab2db .stk-button:hover:after{background:var(--ast-global-color-4) !important;opacity:1 !important}:where(.stk-hover-parent:hover,.stk-hover-parent.stk--is-hovered) .stk-20ab2db .stk-button:after{background:transparent !important;opacity:1 !important}.stk-20ab2db .stk-button:before{border-style:solid !important;border-top-width:1px !important;border-right-width:1px !important;border-bottom-width:1px !important;border-left-width:1px !important}.stk-20ab2db .stk-button__inner-text{font-size:16px !important;font-weight:700 !important}@media screen and (max-width:1023px){.stk-20ab2db .stk-button__inner-text{font-size:16px !important}}<\/style><a class=\"stk-link stk-button stk--hover-effect-lift\" href=\"http:\/\/www.apavecq.qc.ca\/\" target=\"_blank\" rel=\"noreferrer noopener\"><span class=\"stk-button__inner-text\">Aller sur le site<\/span><\/a><\/div>\n<\/div><\/div>\n<\/div><\/div><\/div>\n\n\n\n<div class=\"wp-block-stackable-column stk-block-column stk-column stk-block stk-c5d8e79\" data-v=\"4\" data-block-id=\"c5d8e79\"><div class=\"stk-column-wrapper stk-block-column__content stk-container stk-c5d8e79-container stk--no-background stk--no-padding\"><div class=\"stk-block-content stk-inner-blocks stk-c5d8e79-inner-blocks\"><\/div><\/div><\/div>\n<\/div><\/div>\n<\/div><\/div>\n<\/div><\/div>\n","protected":false},"excerpt":{"rendered":"<p>Ressources et partenaires Diverses associations peuvent apporter un soutien aux \u00e9l\u00e8ves et au personnel voulant accro\u00eetre le sentiment d\u2019appartenance et [&hellip;]<\/p>\n","protected":false},"author":2,"featured_media":0,"parent":3478,"menu_order":0,"comment_status":"closed","ping_status":"closed","template":"","meta":{"_acf_changed":false,"inline_featured_image":false,"_uag_custom_page_level_css":"body{\n\tbackground: #fff !important\n} \n.pdf{\n\tbox-shadow: rgba(9, 30, 66, 0.25) 0px 4px 8px -2px, rgba(9, 30, 66, 0.08) 0px 0px 0px 1px !important;\n\tborder-radius:10px;\n\t   transition: transform 0.4s ease-in-out, box-shadow 0.4s ease-in-out, opacity 0.4s ease-in-out;\n    box-shadow: 0 0 10px rgba(0, 0, 0, 0);\n}\n.pdf:hover {\n    transform: translateY(-10px) scale(1.02);\n    box-shadow: 0 5px 15px rgba(0, 0, 0, 0.2);\n}\n","site-sidebar-layout":"default","site-content-layout":"","ast-site-content-layout":"default","site-content-style":"default","site-sidebar-style":"default","ast-global-header-display":"","ast-banner-title-visibility":"","ast-main-header-display":"","ast-hfb-above-header-display":"","ast-hfb-below-header-display":"","ast-hfb-mobile-header-display":"","site-post-title":"disabled","ast-breadcrumbs-content":"","ast-featured-img":"","footer-sml-layout":"","theme-transparent-header-meta":"","adv-header-id-meta":"","stick-header-meta":"","header-above-stick-meta":"","header-main-stick-meta":"","header-below-stick-meta":"","astra-migrate-meta-layouts":"set","ast-page-background-enabled":"default","ast-page-background-meta":{"desktop":{"background-color":"var(--ast-global-color-4)","background-image":"","background-repeat":"repeat","background-position":"center center","background-size":"auto","background-attachment":"scroll","background-type":"","background-media":"","overlay-type":"","overlay-color":"","overlay-opacity":"","overlay-gradient":""},"tablet":{"background-color":"","background-image":"","background-repeat":"repeat","background-position":"center center","background-size":"auto","background-attachment":"scroll","background-type":"","background-media":"","overlay-type":"","overlay-color":"","overlay-opacity":"","overlay-gradient":""},"mobile":{"background-color":"","background-image":"","background-repeat":"repeat","background-position":"center center","background-size":"auto","background-attachment":"scroll","background-type":"","background-media":"","overlay-type":"","overlay-color":"","overlay-opacity":"","overlay-gradient":""}},"ast-content-background-meta":{"desktop":{"background-color":"var(--ast-global-color-5)","background-image":"","background-repeat":"repeat","background-position":"center center","background-size":"auto","background-attachment":"scroll","background-type":"","background-media":"","overlay-type":"","overlay-color":"","overlay-opacity":"","overlay-gradient":""},"tablet":{"background-color":"var(--ast-global-color-5)","background-image":"","background-repeat":"repeat","background-position":"center center","background-size":"auto","background-attachment":"scroll","background-type":"","background-media":"","overlay-type":"","overlay-color":"","overlay-opacity":"","overlay-gradient":""},"mobile":{"background-color":"var(--ast-global-color-5)","background-image":"","background-repeat":"repeat","background-position":"center center","background-size":"auto","background-attachment":"scroll","background-type":"","background-media":"","overlay-type":"","overlay-color":"","overlay-opacity":"","overlay-gradient":""}},"footnotes":""},"class_list":["post-5765","page","type-page","status-publish","hentry"],"acf":[],"uagb_featured_image_src":{"full":false,"thumbnail":false,"medium":false,"medium_large":false,"large":false,"1536x1536":false,"2048x2048":false},"uagb_author_info":{"display_name":"Kanha Chap","author_link":"https:\/\/www.carrefourfgafp.ca\/ComplementaryEducationalServices\/author\/admin_sec\/"},"uagb_comment_info":0,"uagb_excerpt":"Ressources et partenaires Diverses associations peuvent apporter un soutien aux \u00e9l\u00e8ves et au personnel voulant accro\u00eetre le sentiment d\u2019appartenance et [&hellip;]","_links":{"self":[{"href":"https:\/\/www.carrefourfgafp.ca\/ComplementaryEducationalServices\/wp-json\/wp\/v2\/pages\/5765","targetHints":{"allow":["GET"]}}],"collection":[{"href":"https:\/\/www.carrefourfgafp.ca\/ComplementaryEducationalServices\/wp-json\/wp\/v2\/pages"}],"about":[{"href":"https:\/\/www.carrefourfgafp.ca\/ComplementaryEducationalServices\/wp-json\/wp\/v2\/types\/page"}],"author":[{"embeddable":true,"href":"https:\/\/www.carrefourfgafp.ca\/ComplementaryEducationalServices\/wp-json\/wp\/v2\/users\/2"}],"replies":[{"embeddable":true,"href":"https:\/\/www.carrefourfgafp.ca\/ComplementaryEducationalServices\/wp-json\/wp\/v2\/comments?post=5765"}],"version-history":[{"count":2,"href":"https:\/\/www.carrefourfgafp.ca\/ComplementaryEducationalServices\/wp-json\/wp\/v2\/pages\/5765\/revisions"}],"predecessor-version":[{"id":7801,"href":"https:\/\/www.carrefourfgafp.ca\/ComplementaryEducationalServices\/wp-json\/wp\/v2\/pages\/5765\/revisions\/7801"}],"up":[{"embeddable":true,"href":"https:\/\/www.carrefourfgafp.ca\/ComplementaryEducationalServices\/wp-json\/wp\/v2\/pages\/3478"}],"wp:attachment":[{"href":"https:\/\/www.carrefourfgafp.ca\/ComplementaryEducationalServices\/wp-json\/wp\/v2\/media?parent=5765"}],"curies":[{"name":"wp","href":"https:\/\/api.w.org\/{rel}","templated":true}]}}