{"id":10542,"date":"2026-04-30T13:48:21","date_gmt":"2026-04-30T13:48:21","guid":{"rendered":"https:\/\/www.carrefourfgafp.ca\/ServicesEducatifsComplementaires\/?page_id=10542"},"modified":"2026-04-30T19:08:31","modified_gmt":"2026-04-30T19:08:31","slug":"histoire-du-projet-wow","status":"publish","type":"page","link":"https:\/\/www.carrefourfgafp.ca\/ServicesEducatifsComplementaires\/histoire-du-projet-wow\/","title":{"rendered":"Histoire du projet wow"},"content":{"rendered":"\n<div class=\"wp-block-uagb-container uagb-block-fc8b387d alignfull uagb-is-root-container\"><div class=\"uagb-container-inner-blocks-wrap\"><\/div><\/div>\n\n\n\n<div class=\"wp-block-uagb-container uagb-block-e6a11f25 alignfull uagb-is-root-container\"><div class=\"uagb-container-inner-blocks-wrap\">\n<div class=\"wp-block-uagb-container uagb-block-6eb36eeb alignfull uagb-is-root-container\"><div class=\"uagb-container-inner-blocks-wrap\">\n<div class=\"wp-block-uagb-container uagb-block-04697a4d alignfull uagb-is-root-container\"><div class=\"uagb-container-inner-blocks-wrap\">\n<div class=\"wp-block-uagb-advanced-heading uagb-block-64aec111\"><h1 class=\"uagb-heading-text\">Le projet WOW, une <span style=\"color: #a6832b;\" class=\"stk-highlight\">approche  num\u00e9rique<\/span> collaborative et interprofessionnelle \u00e0 la FGA<\/h1><\/div>\n\n\n\n<p>N\u00e9 en 2021, le Projet WOW est issu d\u2019une <strong>volont\u00e9 commune d\u2019accro\u00eetre la r\u00e9ussite \u00e9ducative et d\u2019ajuster les pratiques p\u00e9dagogiques<\/strong> \u00e0 la r\u00e9alit\u00e9 de la formation g\u00e9n\u00e9rale des adultes <strong>(FGA)<\/strong>.<br><br>Le Projet WOW vise \u00e0 cr\u00e9er une <strong>synergie p\u00e9dagogique et organisationnelle<\/strong> qui valorise la <strong>collaboration et l\u2019expertise de tout le personnel scolaire<\/strong>. Ce projet favorise des<strong>interventions planifi\u00e9es et coh\u00e9rentes<\/strong> en <strong>r\u00e9ponse aux besoins<\/strong> de chacun des milieux. Il encourage l\u2019<strong>utilisation des technologies de mani\u00e8re inclusive<\/strong> afin d\u2019actualiser les <strong>comp\u00e9tences personnelles, professionnelles et num\u00e9riques des \u00e9l\u00e8ves-citoyens<\/strong>. Enfin, le Projet WOW met l&rsquo;accent sur l&rsquo;importance de cultiver un <strong>environnement capacitant<\/strong> tant pour le personnel que pour les \u00e9l\u00e8ves.&nbsp;<br><br>Les diff\u00e9rentes actions s&rsquo;int\u00e8grent au <strong>projet \u00e9ducatif <\/strong>de chaque \u00e9tablissement scolaire et contribuer au <strong>plan d&rsquo;engagement vers la r\u00e9ussite<\/strong> des organisations scolaires.<br><br>Le fonctionnement du Projet WOW s&rsquo;inspire de la philosophie des <strong>communaut\u00e9s de pratique<\/strong> o\u00f9 l\u2019<strong>intelligence collective<\/strong> est au c\u0153ur des actions. C\u2019est par le partage des savoirs et une volont\u00e9 commune d\u2019am\u00e9liorer les pratiques que la communaut\u00e9 s\u2019engage dans un processus de <strong>transformation \u00e9ducative<\/strong> guid\u00e9 par un objectif partag\u00e9.&nbsp;<br><br>En cinq quand, le Projet WOW a touch\u00e9 plus de <strong>31 centres de services scolaire<\/strong>. C&rsquo;est en travaillant ensemble que la FGA se mobilise, s&rsquo;actualise et r\u00e9pond aux besoins de ses apprenants adultes.<\/p>\n<\/div><\/div>\n<\/div><\/div>\n\n\n\n<div class=\"wp-block-uagb-container uagb-block-7bf727da alignfull uagb-is-root-container\"><div class=\"uagb-container-inner-blocks-wrap\">\n<div class=\"wp-block-uagb-image uagb-block-2677d0b3 wp-block-uagb-image--layout-default wp-block-uagb-image--effect-static wp-block-uagb-image--align-none\"><figure class=\"wp-block-uagb-image__figure\"><img decoding=\"async\" srcset=\"https:\/\/www.carrefourfgafp.ca\/ServicesEducatifsComplementaires\/wp-content\/uploads\/2026\/04\/logo_complementaire_complet_couleurs_projet_wow2025-1-1024x391.png ,https:\/\/www.carrefourfgafp.ca\/ServicesEducatifsComplementaires\/wp-content\/uploads\/2026\/04\/logo_complementaire_complet_couleurs_projet_wow2025-1.png 780w, https:\/\/www.carrefourfgafp.ca\/ServicesEducatifsComplementaires\/wp-content\/uploads\/2026\/04\/logo_complementaire_complet_couleurs_projet_wow2025-1.png 360w\" sizes=\"auto, (max-width: 480px) 150px\" src=\"https:\/\/www.carrefourfgafp.ca\/ServicesEducatifsComplementaires\/wp-content\/uploads\/2026\/04\/logo_complementaire_complet_couleurs_projet_wow2025-1-1024x391.png\" alt=\"\" class=\"uag-image-10558\" width=\"600\" height=\"300\" title=\"logo_complementaire_complet_couleurs_projet_wow2025\" loading=\"lazy\" role=\"img\"\/><\/figure><\/div>\n\n\n\n<div class=\"wp-block-uagb-container uagb-block-c613fa93\">\n<div class=\"wp-block-uagb-image uagb-block-b6a98f6c wp-block-uagb-image--layout-default wp-block-uagb-image--effect-static wp-block-uagb-image--align-none\"><figure class=\"wp-block-uagb-image__figure\"><img decoding=\"async\"  sizes=\"auto, (max-width: 480px) 150px\" src=\"https:\/\/www.carrefourfgafp.ca\/ServicesEducatifsComplementaires\/wp-content\/uploads\/2026\/04\/icone_couleur_andragogie_projet_wow2025-300x300.png\" alt=\"\" width=\"150\" height=\"150\" title=\"\" loading=\"lazy\" role=\"img\"\/><\/figure><\/div>\n\n\n\n<div class=\"wp-block-uagb-image uagb-block-8b57fe2b wp-block-uagb-image--layout-default wp-block-uagb-image--effect-static wp-block-uagb-image--align-none\"><figure class=\"wp-block-uagb-image__figure\"><img decoding=\"async\" srcset=\"https:\/\/www.carrefourfgafp.ca\/ServicesEducatifsComplementaires\/wp-content\/uploads\/2026\/04\/icone_couleur_act_pedago_numerique_projet_wow2025-1-300x300.png ,https:\/\/www.carrefourfgafp.ca\/ServicesEducatifsComplementaires\/wp-content\/uploads\/2026\/04\/icone_couleur_act_pedago_numerique_projet_wow2025-1.png 780w, https:\/\/www.carrefourfgafp.ca\/ServicesEducatifsComplementaires\/wp-content\/uploads\/2026\/04\/icone_couleur_act_pedago_numerique_projet_wow2025-1.png 360w\" sizes=\"auto, (max-width: 480px) 150px\" src=\"https:\/\/www.carrefourfgafp.ca\/ServicesEducatifsComplementaires\/wp-content\/uploads\/2026\/04\/icone_couleur_act_pedago_numerique_projet_wow2025-1-300x300.png\" alt=\"\" class=\"uag-image-10576\" width=\"150\" height=\"150\" title=\"icone_couleur_act_pedago_numerique_projet_wow2025\" loading=\"lazy\" role=\"img\"\/><\/figure><\/div>\n<\/div>\n\n\n\n<div class=\"wp-block-uagb-container uagb-block-30b37639\">\n<div class=\"wp-block-uagb-image uagb-block-287dca28 wp-block-uagb-image--layout-default wp-block-uagb-image--effect-static wp-block-uagb-image--align-none\"><figure class=\"wp-block-uagb-image__figure\"><img decoding=\"async\"  sizes=\"auto, (max-width: 480px) 150px\" src=\"https:\/\/www.carrefourfgafp.ca\/ServicesEducatifsComplementaires\/wp-content\/uploads\/2026\/04\/icone_couleur_coenseignement_projet_wow2025-300x300.png\" alt=\"\" width=\"150\" height=\"150\" title=\"\" loading=\"lazy\" role=\"img\"\/><\/figure><\/div>\n\n\n\n<div class=\"wp-block-uagb-image uagb-block-78b22fb7 wp-block-uagb-image--layout-default wp-block-uagb-image--effect-static wp-block-uagb-image--align-none\"><figure class=\"wp-block-uagb-image__figure\"><img decoding=\"async\"  sizes=\"auto, (max-width: 480px) 150px\" src=\"https:\/\/www.carrefourfgafp.ca\/ServicesEducatifsComplementaires\/wp-content\/uploads\/2026\/04\/pilier_numerique_projet_wow2025-2-2.png\" alt=\"\" width=\"150\" height=\"150\" title=\"\" loading=\"lazy\" role=\"img\"\/><\/figure><\/div>\n<\/div>\n<\/div><\/div>\n<\/div><\/div>\n","protected":false},"excerpt":{"rendered":"<p>Le projet WOW, une approche num\u00e9rique collaborative et interprofessionnelle \u00e0 la FGA N\u00e9 en 2021, le Projet WOW est issu [&hellip;]<\/p>\n","protected":false},"author":3,"featured_media":0,"parent":0,"menu_order":0,"comment_status":"closed","ping_status":"closed","template":"","meta":{"_acf_changed":false,"inline_featured_image":false,"_uag_custom_page_level_css":".home-portrait-img{\n\ttransition: transform 0.3s ease-in-out;\n}\n.home-portrait-img:hover{\n transform: scale(1.05);\n\n}\nbody{\n\tbackground: #fff !important\n}\n\n[data-block-id=\"1126964\"] {\n    background: rgba( 255, 255, 255, 0.10 );\nbackdrop-filter: blur( 3px );\n-webkit-backdrop-filter: blur( 4px );\nborder-radius: 10px;\nborder: 1px solid rgba( 255, 255, 255, 0.18 );\ncolor: white;\npadding:1rem;\nborder-radius:10px;\n    text-shadow: 1px 1px 2px rgba(0, 0, 0, 0.5);\nfont-weight:500;\n\n}\ninput,textarea{\n\tborder-radius:10px !important;\n}","_monsterinsights_skip_tracking":false,"_monsterinsights_sitenote_active":false,"_monsterinsights_sitenote_note":"","_monsterinsights_sitenote_category":0,"site-sidebar-layout":"no-sidebar","site-content-layout":"plain-container","ast-site-content-layout":"normal-width-container","site-content-style":"unboxed","site-sidebar-style":"unboxed","ast-global-header-display":"","ast-banner-title-visibility":"","ast-main-header-display":"","ast-hfb-above-header-display":"","ast-hfb-below-header-display":"","ast-hfb-mobile-header-display":"","site-post-title":"disabled","ast-breadcrumbs-content":"","ast-featured-img":"disabled","footer-sml-layout":"","theme-transparent-header-meta":"default","adv-header-id-meta":"","stick-header-meta":"","header-above-stick-meta":"","header-main-stick-meta":"","header-below-stick-meta":"","astra-migrate-meta-layouts":"set","ast-page-background-enabled":"default","ast-page-background-meta":{"desktop":{"background-color":"var(--ast-global-color-4)","background-image":"","background-repeat":"repeat","background-position":"center center","background-size":"auto","background-attachment":"scroll","background-type":"","background-media":"","overlay-type":"","overlay-color":"","overlay-opacity":"","overlay-gradient":""},"tablet":{"background-color":"","background-image":"","background-repeat":"repeat","background-position":"center center","background-size":"auto","background-attachment":"scroll","background-type":"","background-media":"","overlay-type":"","overlay-color":"","overlay-opacity":"","overlay-gradient":""},"mobile":{"background-color":"","background-image":"","background-repeat":"repeat","background-position":"center center","background-size":"auto","background-attachment":"scroll","background-type":"","background-media":"","overlay-type":"","overlay-color":"","overlay-opacity":"","overlay-gradient":""}},"ast-content-background-meta":{"desktop":{"background-color":"var(--ast-global-color-5)","background-image":"","background-repeat":"repeat","background-position":"center center","background-size":"auto","background-attachment":"scroll","background-type":"","background-media":"","overlay-type":"","overlay-color":"","overlay-opacity":"","overlay-gradient":""},"tablet":{"background-color":"var(--ast-global-color-5)","background-image":"","background-repeat":"repeat","background-position":"center center","background-size":"auto","background-attachment":"scroll","background-type":"","background-media":"","overlay-type":"","overlay-color":"","overlay-opacity":"","overlay-gradient":""},"mobile":{"background-color":"var(--ast-global-color-5)","background-image":"","background-repeat":"repeat","background-position":"center center","background-size":"auto","background-attachment":"scroll","background-type":"","background-media":"","overlay-type":"","overlay-color":"","overlay-opacity":"","overlay-gradient":""}},"footnotes":""},"class_list":["post-10542","page","type-page","status-publish","hentry"],"acf":[],"uagb_featured_image_src":{"full":false,"thumbnail":false,"medium":false,"medium_large":false,"large":false,"1536x1536":false,"2048x2048":false},"uagb_author_info":{"display_name":"cedric","author_link":"https:\/\/www.carrefourfgafp.ca\/ServicesEducatifsComplementaires\/author\/cedric\/"},"uagb_comment_info":0,"uagb_excerpt":"Le projet WOW, une approche num\u00e9rique collaborative et interprofessionnelle \u00e0 la FGA N\u00e9 en 2021, le Projet WOW est issu [&hellip;]","_links":{"self":[{"href":"https:\/\/www.carrefourfgafp.ca\/ServicesEducatifsComplementaires\/wp-json\/wp\/v2\/pages\/10542","targetHints":{"allow":["GET"]}}],"collection":[{"href":"https:\/\/www.carrefourfgafp.ca\/ServicesEducatifsComplementaires\/wp-json\/wp\/v2\/pages"}],"about":[{"href":"https:\/\/www.carrefourfgafp.ca\/ServicesEducatifsComplementaires\/wp-json\/wp\/v2\/types\/page"}],"author":[{"embeddable":true,"href":"https:\/\/www.carrefourfgafp.ca\/ServicesEducatifsComplementaires\/wp-json\/wp\/v2\/users\/3"}],"replies":[{"embeddable":true,"href":"https:\/\/www.carrefourfgafp.ca\/ServicesEducatifsComplementaires\/wp-json\/wp\/v2\/comments?post=10542"}],"version-history":[{"count":24,"href":"https:\/\/www.carrefourfgafp.ca\/ServicesEducatifsComplementaires\/wp-json\/wp\/v2\/pages\/10542\/revisions"}],"predecessor-version":[{"id":10599,"href":"https:\/\/www.carrefourfgafp.ca\/ServicesEducatifsComplementaires\/wp-json\/wp\/v2\/pages\/10542\/revisions\/10599"}],"wp:attachment":[{"href":"https:\/\/www.carrefourfgafp.ca\/ServicesEducatifsComplementaires\/wp-json\/wp\/v2\/media?parent=10542"}],"curies":[{"name":"wp","href":"https:\/\/api.w.org\/{rel}","templated":true}]}}