{"id":3255,"date":"2023-10-03T15:04:23","date_gmt":"2023-10-03T15:04:23","guid":{"rendered":"http:\/\/www.kanha.ca\/SEC\/?page_id=3255"},"modified":"2025-11-24T14:56:45","modified_gmt":"2025-11-24T14:56:45","slug":"sante-et-bien-etre","status":"publish","type":"page","link":"https:\/\/www.carrefourfgafp.ca\/ServicesEducatifsComplementaires\/sante-et-bien-etre\/","title":{"rendered":"Sant\u00e9 et bien-\u00eatre"},"content":{"rendered":"\n<div class=\"wp-block-stackable-hero alignfull stk-block-hero stk-block stk-67d0dc6 stk-block-background stk--has-background-overlay\" data-v=\"2\" data-block-id=\"67d0dc6\"><style>.stk-67d0dc6-inner-blocks{align-items:center !important;}.stk-67d0dc6 {background-color:linear-gradient(90deg, #006ba1 0%, #7bdcb5 100%) !important;background-image:url(https:\/\/www.carrefourfgafp.ca\/ServicesEducatifsComplementaires\/wp-content\/uploads\/2024\/04\/AdobeStock_287274862.jpeg) !important;background-size:cover !important;min-height:179px !important;align-items:center !important;margin-bottom:0px !important;display:flex !important;}.stk-67d0dc6:before{opacity:0.4 !important;background-image:linear-gradient(90deg, #006ba1 0%, #7bdcb5 100%) !important;}.stk-67d0dc6 .stk-block-hero__content{min-height:270px !important;align-items:center !important;display:flex !important;}<\/style><div class=\"stk-block-hero__content stk-content-align stk-67d0dc6-column alignwide stk-container stk-67d0dc6-container stk--no-background stk--no-padding\"><div class=\"stk-block-content stk-inner-blocks has-text-align-center stk--column-flex stk-67d0dc6-inner-blocks\">\n<div class=\"wp-block-stackable-heading stk-block-heading stk-block-heading--v2 stk-block stk-7fc3600\" id=\"strong-span-style-color-ffffff-class-stk-highlight-sante-amp-bien-etre-span-strong\" data-block-id=\"7fc3600\"><style>.stk-7fc3600 {min-height:0px !important;}.stk-7fc3600 .stk-block-heading__text{text-shadow:0px 0px 5px #00000066 !important;}<\/style><h2 class=\"stk-block-heading__text\"><strong><span style=\"color: #ffffff;\" class=\"stk-highlight\">Sant\u00e9 &amp; bien-\u00eatre<\/span><\/strong><\/h2><\/div>\n<\/div><\/div><\/div>\n\n\n\n<div class=\"wp-block-uagb-container uagb-block-c608848f alignfull uagb-is-root-container\"><div class=\"uagb-container-inner-blocks-wrap\">\n<div class=\"wp-block-stackable-columns alignfull stk-block-columns stk-block stk-31be76d\" data-block-id=\"31be76d\"><style>.stk-31be76d {padding-bottom:0px !important;margin-bottom:64px !important;}.stk-31be76d-column{--stk-column-gap:30px !important;}<\/style><div class=\"stk-row stk-inner-blocks stk-block-content stk-content-align stk-31be76d-column alignfull\">\n<div class=\"wp-block-stackable-column stk-block-column stk-column stk-block stk-ab52954\" data-v=\"4\" data-block-id=\"ab52954\"><style>@media screen and (min-width: 768px){.stk-ab52954 {flex:var(--stk-flex-grow, 1) 1 calc(56% - var(--stk-column-gap, 0px) * 1 \/ 2 ) !important;}}<\/style><div class=\"stk-column-wrapper stk-block-column__content stk-container stk-ab52954-container stk--no-background stk--no-padding\"><div class=\"stk-block-content stk-inner-blocks stk-ab52954-inner-blocks\">\n<div class=\"wp-block-stackable-heading stk-block-heading stk-block-heading--v2 stk-block stk-8b4e7b6\" id=\"strong-aide-promotion-et-prevention-strong\" data-block-id=\"8b4e7b6\"><style>.stk-8b4e7b6 .stk-block-heading__top-line{background-color:var(--ast-global-color-8) !important;}.stk-8b4e7b6 .stk-block-heading__bottom-line{background-color:var(--ast-global-color-6) !important;margin-top:24px !important;}.stk-8b4e7b6 {margin-bottom:30px !important;}<\/style><h2 class=\"stk-block-heading__text has-text-align-left has-text-align-left-mobile\"><strong>Aide, promotion et pr\u00e9vention<\/strong><\/h2><div class=\"stk-block-heading__bottom-line\"><\/div><\/div>\n\n\n\n<div class=\"wp-block-stackable-text stk-block-text stk-block stk-60781a5\" data-block-id=\"60781a5\"><p class=\"stk-block-text__text has-text-align-left\">Dans le vaste panorama de l&rsquo;\u00e9ducation, la sant\u00e9 globale et le bien-\u00eatre \u00e9mergent comme \u00e9l\u00e9ments cl\u00e9s de la r\u00e9ussite \u00e9ducative. Ce sont les fondements de la disponibilit\u00e9 des \u00e9l\u00e8ves \u00e0 apprendre. <br><br>En l&rsquo;absence de ces deux \u00e9l\u00e9ments, le chemin vers l&rsquo;acquisition des connaissances peut \u00eatre compromis. Il devient essentiel de reconna\u00eetre que le sentiment de bien-\u00eatre des \u00e9l\u00e8ves et du personnel joue un r\u00f4le central et qu&rsquo;ils sont interreli\u00e9s. <br><br>En privil\u00e9giant le bien-\u00eatre, les centres cr\u00e9ent un climat propice \u00e0 l&rsquo;apprentissage, contribuant ainsi \u00e0 la construction d&rsquo;une base solide pour la r\u00e9ussite \u00e9ducative.<\/p><\/div>\n<\/div><\/div><\/div>\n\n\n\n<div class=\"wp-block-stackable-column stk-block-column stk-column stk-block stk-03f9f8e\" data-v=\"4\" data-block-id=\"03f9f8e\"><style>@media screen and (min-width: 768px){.stk-03f9f8e {flex:var(--stk-flex-grow, 1) 1 calc(44% - var(--stk-column-gap, 0px) * 1 \/ 2 ) !important;}}<\/style><div class=\"stk-column-wrapper stk-block-column__content stk-container stk-03f9f8e-container stk--no-background stk--no-padding\"><div class=\"stk-block-content stk-inner-blocks stk-03f9f8e-inner-blocks\">\n<div class=\"wp-block-uagb-image uagb-block-87e68918 wp-block-uagb-image--layout-default wp-block-uagb-image--effect-static wp-block-uagb-image--align-none\"><figure class=\"wp-block-uagb-image__figure\"><a class=\"\" href=\"https:\/\/www.carrefourfgafp.ca\/ServicesEducatifsComplementaires\/wp-content\/uploads\/2023\/11\/1000_F_659312786_XhBLCvzpZPDgQjSwl7EfjxR4NKod2SRc.jpg\" target=\"\" rel=\"noopener\"><img decoding=\"async\" srcset=\"https:\/\/www.carrefourfgafp.ca\/ServicesEducatifsComplementaires\/wp-content\/uploads\/2023\/12\/AdobeStock_603226163.jpeg ,https:\/\/www.carrefourfgafp.ca\/ServicesEducatifsComplementaires\/wp-content\/uploads\/2023\/12\/AdobeStock_603226163.jpeg 780w, https:\/\/www.carrefourfgafp.ca\/ServicesEducatifsComplementaires\/wp-content\/uploads\/2023\/12\/AdobeStock_603226163.jpeg 360w\" sizes=\"auto, (max-width: 480px) 150px\" src=\"https:\/\/www.carrefourfgafp.ca\/ServicesEducatifsComplementaires\/wp-content\/uploads\/2023\/12\/AdobeStock_603226163.jpeg\" alt=\"\" class=\"uag-image-6031\" width=\"700\" height=\"500\" title=\"\" loading=\"lazy\" role=\"img\"\/><\/a><\/figure><\/div>\n<\/div><\/div><\/div>\n<\/div><\/div>\n<\/div><\/div>\n\n\n\n<div class=\"wp-block-uagb-container uagb-block-73605eac alignfull uagb-is-root-container\"><div class=\"uagb-container-inner-blocks-wrap\">\n<div class=\"wp-block-stackable-columns stk-block-columns stk-block stk-fb04258\" data-block-id=\"fb04258\"><style>.stk-fb04258 {margin-bottom:50px !important;}.stk-fb04258-column{--stk-column-gap:30px !important;}<\/style><div class=\"stk-row stk-inner-blocks stk-block-content stk-content-align stk-fb04258-column\">\n<div class=\"wp-block-stackable-column stk-block-column stk-column stk-block stk-ff579cb\" data-v=\"4\" data-block-id=\"ff579cb\"><div class=\"stk-column-wrapper stk-block-column__content stk-container stk-ff579cb-container stk--no-background stk--no-padding\"><div class=\"stk-block-content stk-inner-blocks stk-ff579cb-inner-blocks\">\n<div class=\"wp-block-uagb-image aligncenter uagb-block-6360be3d wp-block-uagb-image--layout-default wp-block-uagb-image--effect-static wp-block-uagb-image--align-center\"><figure class=\"wp-block-uagb-image__figure\"><a class=\"\" href=\"https:\/\/campus.recit.qc.ca\/mod\/page\/view.php?id=27307\" target=\"_blank\" rel=\"noreferrer noopener\"><img decoding=\"async\" srcset=\"https:\/\/www.carrefourfgafp.ca\/ServicesEducatifsComplementaires\/wp-content\/uploads\/2025\/06\/APRES-COURS-24-25-6.png ,https:\/\/www.carrefourfgafp.ca\/ServicesEducatifsComplementaires\/wp-content\/uploads\/2025\/06\/APRES-COURS-24-25-6.png 780w, https:\/\/www.carrefourfgafp.ca\/ServicesEducatifsComplementaires\/wp-content\/uploads\/2025\/06\/APRES-COURS-24-25-6.png 360w\" sizes=\"auto, (max-width: 480px) 150px\" src=\"https:\/\/www.carrefourfgafp.ca\/ServicesEducatifsComplementaires\/wp-content\/uploads\/2025\/06\/APRES-COURS-24-25-6.png\" alt=\"\" class=\"uag-image-9611\" width=\"1545\" height=\"2000\" title=\"APR\u00c8S-COURS 24-25 (6)\" loading=\"lazy\" role=\"img\"\/><\/a><\/figure><\/div>\n<\/div><\/div><\/div>\n\n\n\n<div class=\"wp-block-stackable-column stk-block-column stk-column stk-block stk-94d9b6c\" data-v=\"4\" data-block-id=\"94d9b6c\"><style>.stk-94d9b6c {align-self:center !important;}<\/style><div class=\"stk-column-wrapper stk-block-column__content stk-container stk-94d9b6c-container stk--no-background stk--no-padding\"><div class=\"stk-block-content stk-inner-blocks stk-94d9b6c-inner-blocks\">\n<div class=\"wp-block-stackable-heading stk-block-heading stk-block-heading--v2 stk-block stk-d070fc8\" id=\"span-style-color-var-ast-global-color-3-class-stk-highlight-strong-besoin-detre-informe-des-nouvelles-du-reseau-concernant-la-sante-et-le-bien-etre-strong-span\" data-block-id=\"d070fc8\"><style>.stk-d070fc8 .stk-block-heading__top-line{background-color:var(--ast-global-color-8) !important;}.stk-d070fc8 .stk-block-heading__bottom-line{background-color:var(--ast-global-color-6) !important;margin-top:24px !important;}.stk-d070fc8 {margin-bottom:25px !important;}@media screen and (max-width: 767px){.stk-d070fc8 .stk-block-heading__bottom-line{margin-left:0 !important;margin-right:auto !important;}.stk-d070fc8 {margin-bottom:24px !important;}}<\/style><h2 class=\"stk-block-heading__text has-text-align-left has-text-align-left-mobile\"><span style=\"color: var(--ast-global-color-3);\" class=\"stk-highlight\"><strong>Besoin d\u2019\u00eatre inform\u00e9 des nouvelles du r\u00e9seau concernant la sant\u00e9 et le bien-\u00eatre<\/strong>?<\/span><\/h2><div class=\"stk-block-heading__bottom-line\"><\/div><\/div>\n\n\n\n<div class=\"wp-block-stackable-text stk-block-text stk-block stk-704d49b\" id=\"strong-les-communautes-des-strong-a-href-https-www-google-com-url-q-https-3-a-2-f-2-faprescours-ticfga-ca-2-f-amp-sa-d-amp-sntz-1-amp-usg-a-ov-vaw-3-sn-1-cw-wz-1-hn-exxu-czb-c-0-target-blank-rel-noreferrer-noopener-apres-cours-fga-a-strong-offrent-aux-intervenants-des-em-services-educatifs-complementaires-fga-fp-em-des-moments-de-rencontre-afin-que-ces-der-span-style-color-var-ast-global-color-8-class-stk-highlight-n-span-iers-puissent-partager-leurs-projets-se-reseauter-et-sinformer-strong\" data-block-id=\"704d49b\"><style>.stk-704d49b .stk-block-text__text{font-weight:500 !important;}<\/style><p class=\"stk-block-text__text\">Les communaut\u00e9s des&nbsp;<a href=\"https:\/\/www.google.com\/url?q=https%3A%2F%2Faprescours.ticfga.ca%2F&amp;sa=D&amp;sntz=1&amp;usg=AOvVaw3SN1CwWz1HnExxuCzb_c_0\" target=\"_blank\" rel=\"noreferrer noopener\">Apr\u00e8s-<\/a><a href=\"https:\/\/sites.google.com\/cssmi.qc.ca\/apc-fga-fp\/accueil\" data-type=\"link\" data-id=\"https:\/\/sites.google.com\/cssmi.qc.ca\/apc-fga-fp\/accueil\" target=\"_blank\" rel=\"noreferrer noopener\">cours <\/a><a href=\"https:\/\/www.google.com\/url?q=https%3A%2F%2Faprescours.ticfga.ca%2F&amp;sa=D&amp;sntz=1&amp;usg=AOvVaw3SN1CwWz1HnExxuCzb_c_0\" target=\"_blank\" rel=\"noreferrer noopener\">FGA-FP<\/a>&nbsp;offrent aux intervenantes et aux intervenants des&nbsp;services \u00e9ducatifs compl\u00e9mentaires FGA-FP&nbsp;des moments de rencontre afin que ces derniers puissent partager leurs projets, se r\u00e9seauter et s\u2019informer.<a href=\"https:\/\/teams.microsoft.com\/dl\/launcher\/launcher.html?url=%2F_%23%2Fl%2Fmeetup-join%2F19%3A6sUHQ1VoBifWBDG8VvHJxqUXugJiIpFeAtV8npJi4lc1%40thread.tacv2%2F1725043380679%3Fcontext%3D%7B%2522Tid%2522%3A%2522993998cf-89e0-4ae2-b241-ff9038e7bba8%2522%2C%2522Oid%2522%3A%25222ab3af5d-8579-4fae-bd61-94388c875998%2522%7D%26anon%3Dtrue&amp;type=meetup-join&amp;deeplinkId=a10b0842-2d07-462e-87d3-6909e6dfc4f9&amp;directDl=true&amp;msLaunch=true&amp;enableMobilePage=true&amp;suppressPrompt=true\" target=\"_blank\" rel=\"noreferrer noopener\"><\/a><a href=\"https:\/\/teams.microsoft.com\/dl\/launcher\/launcher.html?url=%2F_%23%2Fl%2Fmeetup-join%2F19%3A6sUHQ1VoBifWBDG8VvHJxqUXugJiIpFeAtV8npJi4lc1%40thread.tacv2%2F1725043380679%3Fcontext%3D%7B%2522Tid%2522%3A%2522993998cf-89e0-4ae2-b241-ff9038e7bba8%2522%2C%2522Oid%2522%3A%25222ab3af5d-8579-4fae-bd61-94388c875998%2522%7D%26anon%3Dtrue&amp;type=meetup-join&amp;deeplinkId=a10b0842-2d07-462e-87d3-6909e6dfc4f9&amp;directDl=true&amp;msLaunch=true&amp;enableMobilePage=true&amp;suppressPrompt=true\" target=\"_blank\" rel=\"noreferrer noopener\"><\/a><a href=\"https:\/\/teams.microsoft.com\/dl\/launcher\/launcher.html?url=%2F_%23%2Fl%2Fmeetup-join%2F19%3A6sUHQ1VoBifWBDG8VvHJxqUXugJiIpFeAtV8npJi4lc1%40thread.tacv2%2F1725043380679%3Fcontext%3D%7B%2522Tid%2522%3A%2522993998cf-89e0-4ae2-b241-ff9038e7bba8%2522%2C%2522Oid%2522%3A%25222ab3af5d-8579-4fae-bd61-94388c875998%2522%7D%26anon%3Dtrue&amp;type=meetup-join&amp;deeplinkId=a10b0842-2d07-462e-87d3-6909e6dfc4f9&amp;directDl=true&amp;msLaunch=true&amp;enableMobilePage=true&amp;suppressPrompt=true\" target=\"_blank\" rel=\"noreferrer noopener\"><\/a><\/p><\/div>\n\n\n\n<p><strong>Participer \u00e0 la communaut\u00e9<\/strong><br>La communaut\u00e9 Sant\u00e9 Mieux-\u00catre participe \u00e0 un projet pilote en 2025-2026 : avoir sa propre \u00e9quipe Teams pour les rencontres, les partages, les conversations.\u00a0<\/p>\n\n\n\n<p>Vous souhaitez participer \u00e0 la communaut\u00e9 ? Merci de remplir le formulaire\u00a0<a href=\"https:\/\/forms.gle\/BewPZhNbVGz9m5uw5\" target=\"_blank\" rel=\"noreferrer noopener\">M&rsquo;inscrire \u00e0 une communaut\u00e9<\/a>. Vous serez ensuite ajouter \u00e0 l&rsquo;\u00e9quipe Teams ApC Sant\u00e9 Mieux-\u00catre et vous recevrez les invitations pour les rencontres de la communaut\u00e9.\u00a0<\/p>\n\n\n\n<div class=\"wp-block-stackable-button-group stk-block-button-group stk-block stk-b53740a\" data-block-id=\"b53740a\"><div class=\"stk-row stk-inner-blocks stk-block-content stk-button-group\">\n<div class=\"wp-block-stackable-button stk-block-button stk-block stk-0c2710b\" data-block-id=\"0c2710b\"><style>.stk-0c2710b .stk-button{background:var(--ast-global-color-5) !important;border-top-left-radius:10px !important;border-top-right-radius:10px !important;border-bottom-right-radius:10px !important;border-bottom-left-radius:10px !important;}.stk-0c2710b .stk-button:hover:after{background:var(--ast-global-color-4) !important;opacity:1 !important;}.stk-0c2710b .stk-button:before{border-style:solid !important;border-color:var(--ast-global-color-7) !important;border-top-width:1px !important;border-right-width:1px !important;border-bottom-width:1px !important;border-left-width:1px !important;}.stk-0c2710b .stk-button .stk--inner-svg svg:last-child, .stk-0c2710b .stk-button .stk--inner-svg svg:last-child :is(g, path, rect, polygon, ellipse){fill:var(--ast-global-color-7) !important;}.stk-0c2710b .stk-button__inner-text{color:var(--ast-global-color-7) !important;font-weight:700 !important;}<\/style><a class=\"stk-link stk-button stk--hover-effect-darken\" href=\"https:\/\/docs.google.com\/forms\/d\/e\/1FAIpQLSfhNWxk01jfeIlI-YQgIFDtviBX7sdtLGCr99CcIQUmdSRJ9A\/viewform\" target=\"_blank\" rel=\"noreferrer noopener\"><span class=\"stk--svg-wrapper\"><div class=\"stk--inner-svg\"><svg aria-hidden=\"true\" focusable=\"false\" data-prefix=\"fas\" data-icon=\"hand-paper\" class=\"svg-inline--fa fa-hand-paper fa-w-14\" xmlns=\"http:\/\/www.w3.org\/2000\/svg\" viewBox=\"0 0 448 512\" width=\"32\" height=\"32\"><path fill=\"currentColor\" d=\"M408.781 128.007C386.356 127.578 368 146.36 368 168.79V256h-8V79.79c0-22.43-18.356-41.212-40.781-40.783C297.488 39.423 280 57.169 280 79v177h-8V40.79C272 18.36 253.644-.422 231.219.007 209.488.423 192 18.169 192 40v216h-8V80.79c0-22.43-18.356-41.212-40.781-40.783C121.488 40.423 104 58.169 104 80v235.992l-31.648-43.519c-12.993-17.866-38.009-21.817-55.877-8.823-17.865 12.994-21.815 38.01-8.822 55.877l125.601 172.705A48 48 0 0 0 172.073 512h197.59c22.274 0 41.622-15.324 46.724-37.006l26.508-112.66a192.011 192.011 0 0 0 5.104-43.975V168c.001-21.831-17.487-39.577-39.218-39.993z\"><\/path><\/svg><\/div><\/span><span class=\"has-text-color stk-button__inner-text\">M&rsquo;inscrire \u00e0 la communaut\u00e9<\/span><\/a><\/div>\n<\/div><\/div>\n<\/div><\/div><\/div>\n<\/div><\/div>\n<\/div><\/div>\n","protected":false},"excerpt":{"rendered":"<p>Sant\u00e9 &amp; bien-\u00eatre Aide, promotion et pr\u00e9vention Dans le vaste panorama de l&rsquo;\u00e9ducation, la sant\u00e9 globale et le bien-\u00eatre \u00e9mergent [&hellip;]<\/p>\n","protected":false},"author":2,"featured_media":0,"parent":0,"menu_order":0,"comment_status":"closed","ping_status":"closed","template":"","meta":{"_acf_changed":false,"inline_featured_image":false,"_uag_custom_page_level_css":"body{\n\tbackground: #fff !important\n}","_monsterinsights_skip_tracking":false,"_monsterinsights_sitenote_active":false,"_monsterinsights_sitenote_note":"","_monsterinsights_sitenote_category":0,"site-sidebar-layout":"default","site-content-layout":"","ast-site-content-layout":"default","site-content-style":"default","site-sidebar-style":"default","ast-global-header-display":"","ast-banner-title-visibility":"","ast-main-header-display":"","ast-hfb-above-header-display":"","ast-hfb-below-header-display":"","ast-hfb-mobile-header-display":"","site-post-title":"disabled","ast-breadcrumbs-content":"","ast-featured-img":"","footer-sml-layout":"","theme-transparent-header-meta":"","adv-header-id-meta":"","stick-header-meta":"","header-above-stick-meta":"","header-main-stick-meta":"","header-below-stick-meta":"","astra-migrate-meta-layouts":"set","ast-page-background-enabled":"default","ast-page-background-meta":{"desktop":{"background-color":"var(--ast-global-color-4)","background-image":"","background-repeat":"repeat","background-position":"center center","background-size":"auto","background-attachment":"scroll","background-type":"","background-media":"","overlay-type":"","overlay-color":"","overlay-opacity":"","overlay-gradient":""},"tablet":{"background-color":"","background-image":"","background-repeat":"repeat","background-position":"center center","background-size":"auto","background-attachment":"scroll","background-type":"","background-media":"","overlay-type":"","overlay-color":"","overlay-opacity":"","overlay-gradient":""},"mobile":{"background-color":"","background-image":"","background-repeat":"repeat","background-position":"center center","background-size":"auto","background-attachment":"scroll","background-type":"","background-media":"","overlay-type":"","overlay-color":"","overlay-opacity":"","overlay-gradient":""}},"ast-content-background-meta":{"desktop":{"background-color":"var(--ast-global-color-5)","background-image":"","background-repeat":"repeat","background-position":"center center","background-size":"auto","background-attachment":"scroll","background-type":"","background-media":"","overlay-type":"","overlay-color":"","overlay-opacity":"","overlay-gradient":""},"tablet":{"background-color":"var(--ast-global-color-5)","background-image":"","background-repeat":"repeat","background-position":"center center","background-size":"auto","background-attachment":"scroll","background-type":"","background-media":"","overlay-type":"","overlay-color":"","overlay-opacity":"","overlay-gradient":""},"mobile":{"background-color":"var(--ast-global-color-5)","background-image":"","background-repeat":"repeat","background-position":"center center","background-size":"auto","background-attachment":"scroll","background-type":"","background-media":"","overlay-type":"","overlay-color":"","overlay-opacity":"","overlay-gradient":""}},"footnotes":""},"class_list":["post-3255","page","type-page","status-publish","hentry"],"acf":[],"uagb_featured_image_src":{"full":false,"thumbnail":false,"medium":false,"medium_large":false,"large":false,"1536x1536":false,"2048x2048":false},"uagb_author_info":{"display_name":"Kanha Chap","author_link":"https:\/\/www.carrefourfgafp.ca\/ServicesEducatifsComplementaires\/author\/admin_sec\/"},"uagb_comment_info":0,"uagb_excerpt":"Sant\u00e9 &amp; bien-\u00eatre Aide, promotion et pr\u00e9vention Dans le vaste panorama de l&rsquo;\u00e9ducation, la sant\u00e9 globale et le bien-\u00eatre \u00e9mergent [&hellip;]","_links":{"self":[{"href":"https:\/\/www.carrefourfgafp.ca\/ServicesEducatifsComplementaires\/wp-json\/wp\/v2\/pages\/3255","targetHints":{"allow":["GET"]}}],"collection":[{"href":"https:\/\/www.carrefourfgafp.ca\/ServicesEducatifsComplementaires\/wp-json\/wp\/v2\/pages"}],"about":[{"href":"https:\/\/www.carrefourfgafp.ca\/ServicesEducatifsComplementaires\/wp-json\/wp\/v2\/types\/page"}],"author":[{"embeddable":true,"href":"https:\/\/www.carrefourfgafp.ca\/ServicesEducatifsComplementaires\/wp-json\/wp\/v2\/users\/2"}],"replies":[{"embeddable":true,"href":"https:\/\/www.carrefourfgafp.ca\/ServicesEducatifsComplementaires\/wp-json\/wp\/v2\/comments?post=3255"}],"version-history":[{"count":21,"href":"https:\/\/www.carrefourfgafp.ca\/ServicesEducatifsComplementaires\/wp-json\/wp\/v2\/pages\/3255\/revisions"}],"predecessor-version":[{"id":9880,"href":"https:\/\/www.carrefourfgafp.ca\/ServicesEducatifsComplementaires\/wp-json\/wp\/v2\/pages\/3255\/revisions\/9880"}],"wp:attachment":[{"href":"https:\/\/www.carrefourfgafp.ca\/ServicesEducatifsComplementaires\/wp-json\/wp\/v2\/media?parent=3255"}],"curies":[{"name":"wp","href":"https:\/\/api.w.org\/{rel}","templated":true}]}}