{"id":8620,"date":"2024-10-04T13:14:29","date_gmt":"2024-10-04T13:14:29","guid":{"rendered":"https:\/\/www.carrefourfgafp.ca\/ServicesEducatifsComplementaires\/?page_id=8620"},"modified":"2024-10-15T14:06:50","modified_gmt":"2024-10-15T14:06:50","slug":"infolettres","status":"publish","type":"page","link":"https:\/\/www.carrefourfgafp.ca\/ServicesEducatifsComplementaires\/infolettres\/","title":{"rendered":"Infolettres"},"content":{"rendered":"\n<div class=\"wp-block-stackable-hero alignfull stk-block-hero stk-block stk-67d0dc6 stk-block-background stk--has-background-overlay\" data-v=\"2\" data-block-id=\"67d0dc6\"><style>.stk-67d0dc6-inner-blocks{align-items:center !important}.stk-67d0dc6{background-color:linear-gradient(90deg,#006ba1 0%,#7bdcb5 100%) !important;background-image:url(https:\/\/www.carrefourfgafp.ca\/ServicesEducatifsComplementaires\/wp-content\/uploads\/2023\/10\/SEC_Causeries_virtuelles-13sept2022.jpeg) !important;background-attachment:fixed !important;background-position:bottom right !important;min-height:179px !important;align-items:center !important;margin-bottom:0px !important;display:flex !important}.stk-67d0dc6:before{opacity:0.4 !important;background-image:linear-gradient(90deg,#006ba1 0%,#7bdcb5 100%) !important}.stk-67d0dc6 .stk-block-hero__content{min-height:270px !important;align-items:center !important;display:flex !important}@media screen and (max-width:767px){.stk-67d0dc6 .stk-block-hero__content{min-height:97px !important}}<\/style><div class=\"stk-block-hero__content stk-content-align stk-67d0dc6-column alignwide stk-container stk-67d0dc6-container stk--no-background stk--no-padding\"><div class=\"stk-block-content stk-inner-blocks has-text-align-center stk--column-flex stk-67d0dc6-inner-blocks\">\n<div class=\"wp-block-stackable-heading stk-block-heading stk-block-heading--v2 stk-block stk-7fc3600\" id=\"span-style-color-var-ast-global-color-5-class-stk-highlight-plan-daide-a-lapprentissage-span\" data-block-id=\"7fc3600\"><style>.stk-7fc3600{min-height:0px !important}.stk-7fc3600 .stk-block-heading__text{text-shadow:0px 0px 5px #00000066 !important}<\/style><h2 class=\"stk-block-heading__text\"><span style=\"color: var(--ast-global-color-5);\" class=\"stk-highlight\">Infolettres<\/span><\/h2><\/div>\n<\/div><\/div><\/div>\n\n\n\n<div class=\"wp-block-uagb-container uag-hide-desktop uag-hide-tab uag-hide-mob uagb-block-a7aeb3e4 alignfull uagb-is-root-container\"><div class=\"uagb-container-inner-blocks-wrap\">\n<div class=\"wp-block-uagb-container uagb-block-2cee629b\"><\/div>\n\n\n\n<div class=\"uagb-position__sticky wp-block-uagb-container uagb-block-2700f7e5\">\n<div class=\"wp-block-uagb-advanced-heading uagb-block-ca7a4316\"><h3 class=\"uagb-heading-text\">Inscrivez-vous \u00e0 l\u2019infolettre<\/h3><\/div>\n\n\n\n<!-- Begin MailChimp Signup Form -->\n<link href=\"\/\/cdn-images.mailchimp.com\/embedcode\/classic-10_7.css\" rel=\"stylesheet\" type=\"text\/css\">\n<style type=\"text\/css\">\n\t#mc_embed_signup{background:#fff; clear:left; font:14px Helvetica,Arial,sans-serif; }\n\t\/* Add your own MailChimp form style overrides in your site stylesheet or in this style block.\n\t   We recommend moving this block and the preceding CSS link to the HEAD of your HTML file. *\/\n<\/style>\n<div id=\"mc_embed_signup\">\n<form action=\"https:\/\/carrefourfga.us18.list-manage.com\/subscribe\/post?u=1e2da09591fc9ece162fac0a6&amp;id=4a03ba1dc2\" method=\"post\" id=\"mc-embedded-subscribe-form\" name=\"mc-embedded-subscribe-form\" class=\"validate\" target=\"_blank\" novalidate>\n    <div id=\"mc_embed_signup_scroll\">\n\t\n<div class=\"mc-field-group\">\n\t<label for=\"mce-EMAIL\">Courriel <\/label>\n\t<input type=\"email\" value=\"\" name=\"EMAIL\" class=\"required email\" id=\"mce-EMAIL\">\n<\/div>\n\t<div id=\"mce-responses\" class=\"clear\">\n\t\t<div class=\"response\" id=\"mce-error-response\" style=\"display:none\"><\/div>\n\t\t<div class=\"response\" id=\"mce-success-response\" style=\"display:none\"><\/div>\n\t<\/div>    <!-- real people should not fill this in and expect good things - do not remove this or risk form bot signups-->\n    <div style=\"position: absolute; left: -5000px;\" aria-hidden=\"true\"><input type=\"text\" name=\"b_1e2da09591fc9ece162fac0a6_4a03ba1dc2\" tabindex=\"-1\" value=\"\"><\/div>\n    <div class=\"clear\"><input type=\"submit\" value=\"M'inscrire\" name=\"subscribe\" id=\"mc-embedded-subscribe\" class=\"button\"><\/div>\n    <\/div>\n<\/form>\n<\/div>\n<script type='text\/javascript' src='\/\/s3.amazonaws.com\/downloads.mailchimp.com\/js\/mc-validate.js'><\/script><script type='text\/javascript'>(function($) {window.fnames = new Array(); window.ftypes = new Array();fnames[0]='EMAIL';ftypes[0]='email';fnames[1]='FNAME';ftypes[1]='text';fnames[2]='LNAME';ftypes[2]='text';fnames[3]='ADDRESS';ftypes[3]='address';fnames[4]='PHONE';ftypes[4]='phone';fnames[5]='BIRTHDAY';ftypes[5]='birthday'; \/*\n * Translated default messages for the $ validation plugin.\n * Locale: FR\n *\/\n$.extend($.validator.messages, {\n        required: \"Ce champ est requis.\",\n        remote: \"Veuillez remplir ce champ pour continuer.\",\n        email: \"Veuillez entrer une adresse email valide.\",\n        url: \"Veuillez entrer une URL valide.\",\n        date: \"Veuillez entrer une date valide.\",\n        dateISO: \"Veuillez entrer une date valide (ISO).\",\n        number: \"Veuillez entrer un nombre valide.\",\n        digits: \"Veuillez entrer (seulement) une valeur num\u00e9rique.\",\n        creditcard: \"Veuillez entrer un num\u00e9ro de carte de cr\u00e9dit valide.\",\n        equalTo: \"Veuillez entrer une nouvelle fois la m\u00eame valeur.\",\n        accept: \"Veuillez entrer une valeur avec une extension valide.\",\n        maxlength: $.validator.format(\"Veuillez ne pas entrer plus de {0} caract\u00e8res.\"),\n        minlength: $.validator.format(\"Veuillez entrer au moins {0} caract\u00e8res.\"),\n        rangelength: $.validator.format(\"Veuillez entrer entre {0} et {1} caract\u00e8res.\"),\n        range: $.validator.format(\"Veuillez entrer une valeur entre {0} et {1}.\"),\n        max: $.validator.format(\"Veuillez entrer une valeur inf\u00e9rieure ou \u00e9gale \u00e0 {0}.\"),\n        min: $.validator.format(\"Veuillez entrer une valeur sup\u00e9rieure ou \u00e9gale \u00e0 {0}.\")\n});}(jQuery));var $mcj = jQuery.noConflict(true);<\/script>\n<!--End mc_embed_signup-->\n<\/div>\n<\/div><\/div>\n\n\n\n<div class=\"wp-block-uagb-container uagb-block-f086043f alignfull uagb-is-root-container\"><div class=\"uagb-container-inner-blocks-wrap\">\n<div class=\"wp-block-uagb-container uagb-block-75cd2477\">\n<div class=\"wp-block-uagb-info-box uagb-block-99f7314c uagb-infobox__content-wrap  uagb-infobox-icon-above-title uagb-infobox-image-valign-top\"><div class=\"uagb-ifb-content\"><div class=\"uagb-ifb-title-wrap\"><h3 class=\"uagb-ifb-title\">Inscrivez-vous \u00e0 l&rsquo;infolettre<\/h3><\/div><div class=\"uagb-ifb-separator\"><\/div><p class=\"uagb-ifb-desc\">Nous vous invitons \u00e0 faire conna\u00eetre le site aupr\u00e8s de vos coll\u00e8gues et \u00e0 vous inscrire \u00e0 l\u2019Infolettre. Vous serez ainsi toujours bien au fait des nouveaut\u00e9s et des activit\u00e9s pr\u00e9vues.<\/p><\/div><\/div>\n\n\n\n<!-- Begin MailChimp Signup Form -->\n<link href=\"\/\/cdn-images.mailchimp.com\/embedcode\/classic-10_7.css\" rel=\"stylesheet\" type=\"text\/css\">\n<style type=\"text\/css\">\n\t#mc_embed_signup{background:#fff; clear:left; font:14px Helvetica,Arial,sans-serif; }\n\t\/* Add your own MailChimp form style overrides in your site stylesheet or in this style block.\n\t   We recommend moving this block and the preceding CSS link to the HEAD of your HTML file. *\/\n<\/style>\n<div id=\"mc_embed_signup\">\n<form action=\"https:\/\/carrefourfga.us18.list-manage.com\/subscribe\/post?u=1e2da09591fc9ece162fac0a6&amp;id=4a03ba1dc2\" method=\"post\" id=\"mc-embedded-subscribe-form\" name=\"mc-embedded-subscribe-form\" class=\"validate\" target=\"_blank\" novalidate>\n    <div id=\"mc_embed_signup_scroll\">\n\t\n<div class=\"mc-field-group\">\n\t<label for=\"mce-EMAIL\">Courriel <\/label>\n\t<input type=\"email\" value=\"\" name=\"EMAIL\" class=\"required email\" id=\"mce-EMAIL\">\n<\/div>\n\t<div id=\"mce-responses\" class=\"clear\">\n\t\t<div class=\"response\" id=\"mce-error-response\" style=\"display:none\"><\/div>\n\t\t<div class=\"response\" id=\"mce-success-response\" style=\"display:none\"><\/div>\n\t<\/div>    <!-- real people should not fill this in and expect good things - do not remove this or risk form bot signups-->\n    <div style=\"position: absolute; left: -5000px;\" aria-hidden=\"true\"><input type=\"text\" name=\"b_1e2da09591fc9ece162fac0a6_4a03ba1dc2\" tabindex=\"-1\" value=\"\"><\/div>\n    <div class=\"clear\"><input type=\"submit\" value=\"M'inscrire\" name=\"subscribe\" id=\"mc-embedded-subscribe\" class=\"button\"><\/div>\n    <\/div>\n<\/form>\n<\/div>\n<script type='text\/javascript' src='\/\/s3.amazonaws.com\/downloads.mailchimp.com\/js\/mc-validate.js'><\/script><script type='text\/javascript'>(function($) {window.fnames = new Array(); window.ftypes = new Array();fnames[0]='EMAIL';ftypes[0]='email';fnames[1]='FNAME';ftypes[1]='text';fnames[2]='LNAME';ftypes[2]='text';fnames[3]='ADDRESS';ftypes[3]='address';fnames[4]='PHONE';ftypes[4]='phone';fnames[5]='BIRTHDAY';ftypes[5]='birthday'; \/*\n * Translated default messages for the $ validation plugin.\n * Locale: FR\n *\/\n$.extend($.validator.messages, {\n        required: \"Ce champ est requis.\",\n        remote: \"Veuillez remplir ce champ pour continuer.\",\n        email: \"Veuillez entrer une adresse email valide.\",\n        url: \"Veuillez entrer une URL valide.\",\n        date: \"Veuillez entrer une date valide.\",\n        dateISO: \"Veuillez entrer une date valide (ISO).\",\n        number: \"Veuillez entrer un nombre valide.\",\n        digits: \"Veuillez entrer (seulement) une valeur num\u00e9rique.\",\n        creditcard: \"Veuillez entrer un num\u00e9ro de carte de cr\u00e9dit valide.\",\n        equalTo: \"Veuillez entrer une nouvelle fois la m\u00eame valeur.\",\n        accept: \"Veuillez entrer une valeur avec une extension valide.\",\n        maxlength: $.validator.format(\"Veuillez ne pas entrer plus de {0} caract\u00e8res.\"),\n        minlength: $.validator.format(\"Veuillez entrer au moins {0} caract\u00e8res.\"),\n        rangelength: $.validator.format(\"Veuillez entrer entre {0} et {1} caract\u00e8res.\"),\n        range: $.validator.format(\"Veuillez entrer une valeur entre {0} et {1}.\"),\n        max: $.validator.format(\"Veuillez entrer une valeur inf\u00e9rieure ou \u00e9gale \u00e0 {0}.\"),\n        min: $.validator.format(\"Veuillez entrer une valeur sup\u00e9rieure ou \u00e9gale \u00e0 {0}.\")\n});}(jQuery));var $mcj = jQuery.noConflict(true);<\/script>\n<!--End mc_embed_signup-->\n<\/div>\n\n\n\n<div class=\"wp-block-uagb-advanced-heading uagb-block-8aea3896\"><h2 class=\"uagb-heading-text\">Infolettres pr\u00e9c\u00e9dentes<\/h2><\/div>\n\n\n<div class=\"infolettres-list\"><div class=\"infolettre\"><div class=\"infolettre__image-container\"><img decoding=\"async\" src=\"https:\/\/www.carrefourfgafp.ca\/ServicesEducatifsComplementaires\/wp-content\/uploads\/2026\/03\/AdobeStock_603461885-scaled-1.jpeg\" alt=\"\" class=\"infolettre__image\"><\/div><div class=\"infolettre__info-container\"><h2><a href=\"https:\/\/www.carrefourfga.ca\/fr\/infolettre-sec-mars-2026\/\" target=\"_blank\" rel=\"noopener\">Des projets qui fleurissent en FGA\u2011FP\u202f!<\/a><\/h2><div class=\"infolettre__date\">Mars 2026<\/div><\/div><\/div><div class=\"infolettre\"><div class=\"infolettre__image-container\"><img decoding=\"async\" src=\"https:\/\/www.carrefourfgafp.ca\/ServicesEducatifsComplementaires\/wp-content\/uploads\/2026\/01\/1e52758a-16c6-a0a6-f551-1f1d9d310e2a-2.jpeg\" alt=\"\" class=\"infolettre__image\"><\/div><div class=\"infolettre__info-container\"><h2><a href=\"https:\/\/mailchi.mp\/682f3f8390fc\/infolettre-sec-janv2026-13279661?e=%5BUNIQID%5D\" target=\"_blank\" rel=\"noopener\">D\u00e9buter l\u2019ann\u00e9e du bon pied<\/a><\/h2><div class=\"infolettre__date\">Janvier 2026<\/div><\/div><\/div><div class=\"infolettre\"><div class=\"infolettre__image-container\"><img decoding=\"async\" src=\"https:\/\/www.carrefourfgafp.ca\/ServicesEducatifsComplementaires\/wp-content\/uploads\/2025\/10\/a1d21e56-db0f-4612-d529-32808f20ee34-1-1.jpeg\" alt=\"\" class=\"infolettre__image\"><\/div><div class=\"infolettre__info-container\"><h2><a href=\"https:\/\/mailchi.mp\/ef06e3b94d6f\/infolettre-sec-oct2025-13278934?e=%5BUNIQID%5D\" target=\"_blank\" rel=\"noopener\">Un automne tout en couleurs<\/a><\/h2><div class=\"infolettre__date\">Octobre 2025<\/div><\/div><\/div><div class=\"infolettre\"><div class=\"infolettre__image-container\"><img decoding=\"async\" src=\"https:\/\/www.carrefourfgafp.ca\/ServicesEducatifsComplementaires\/wp-content\/uploads\/2025\/06\/0aba701b-d7ef-523f-de47-26da66cbdffb.jpg\" alt=\"\" class=\"infolettre__image\"><\/div><div class=\"infolettre__info-container\"><h2><a href=\"https:\/\/mailchi.mp\/457d17691ba7\/infolettre-sec-juin2025-13277619?e=e72d52dbcd\" target=\"_blank\" rel=\"noopener\">Bilan et projections <\/a><\/h2><div class=\"infolettre__date\">Juin 2025<\/div><\/div><\/div><div class=\"infolettre\"><div class=\"infolettre__image-container\"><img decoding=\"async\" src=\"https:\/\/www.carrefourfgafp.ca\/ServicesEducatifsComplementaires\/wp-content\/uploads\/2025\/04\/AdobeStock_587152696-1.jpeg\" alt=\"\" class=\"infolettre__image\"><\/div><div class=\"infolettre__info-container\"><h2><a href=\"https:\/\/mailchi.mp\/9a32feac808a\/infolettre-sec-mars2025-12825921?e=d3a60506f9\" target=\"_blank\" rel=\"noopener\">Comment l\u2019expliquer\u2026<\/a><\/h2><div class=\"infolettre__date\">Mars 2025<\/div><\/div><\/div><div class=\"infolettre\"><div class=\"infolettre__image-container\"><img decoding=\"async\" src=\"https:\/\/www.carrefourfgafp.ca\/ServicesEducatifsComplementaires\/wp-content\/uploads\/2024\/12\/AdobeStock_125217328-1.jpeg\" alt=\"\" class=\"infolettre__image\"><\/div><div class=\"infolettre__info-container\"><h2><a href=\"https:\/\/mailchi.mp\/fbc64f3b9ba1\/infolettre-sec-decembre2024-12816263?e=8a52326332\" target=\"_blank\" rel=\"noopener\">Se serrer les coudes<\/a><\/h2><div class=\"infolettre__date\">D\u00e9cembre 2024<\/div><\/div><\/div><div class=\"infolettre\"><div class=\"infolettre__image-container\"><img decoding=\"async\" src=\"https:\/\/www.carrefourfgafp.ca\/ServicesEducatifsComplementaires\/wp-content\/uploads\/2024\/10\/29b51bcd-91bb-bff7-aca0-424f0602c173-1-1.jpg\" alt=\"\" class=\"infolettre__image\"><\/div><div class=\"infolettre__info-container\"><h2><a href=\"https:\/\/mailchi.mp\/0c89a64ba87c\/infolettre-sec-octobre2024-12806583\" target=\"_blank\" rel=\"noopener\">Se donner de la place<\/a><\/h2><div class=\"infolettre__date\">Octobre 2024<\/div><\/div><\/div><div class=\"infolettre\"><div class=\"infolettre__image-container\"><img decoding=\"async\" src=\"https:\/\/www.carrefourfgafp.ca\/ServicesEducatifsComplementaires\/wp-content\/uploads\/2024\/10\/thumbnail_cover-SEC-Sept-2024.jpg\" alt=\"\" class=\"infolettre__image\"><\/div><div class=\"infolettre__info-container\"><h2><a href=\"https:\/\/us18.campaign-archive.com\/?u=1e2da09591fc9ece162fac0a6&#038;id=28ff777673\" target=\"_blank\" rel=\"noopener\">L\u2019ann\u00e9e commence en force !<\/a><\/h2><div class=\"infolettre__date\">Septembre 2024<\/div><\/div><\/div><div class=\"infolettre\"><div class=\"infolettre__image-container\"><img decoding=\"async\" src=\"https:\/\/www.carrefourfgafp.ca\/ServicesEducatifsComplementaires\/wp-content\/uploads\/2023\/10\/MicrosoftTeams-image-69.jpg\" alt=\"\" class=\"infolettre__image\"><\/div><div class=\"infolettre__info-container\"><h2><a href=\"https:\/\/mailchi.mp\/1332ac591400\/infolettre-sec-juin2024-12797135?e=d3a60506f9\" target=\"_blank\" rel=\"noopener\">Enfin juin\u202f!<\/a><\/h2><div class=\"infolettre__date\">Juin 2024<\/div><\/div><\/div><div class=\"infolettre\"><div class=\"infolettre__image-container\"><img decoding=\"async\" src=\"https:\/\/www.carrefourfgafp.ca\/ServicesEducatifsComplementaires\/wp-content\/uploads\/2023\/10\/mature-students-sitting-at-desks-in-adult-P3A47V8.png\" alt=\"\" class=\"infolettre__image\"><\/div><div class=\"infolettre__info-container\"><h2><a href=\"https:\/\/mailchi.mp\/97e963fa0cb1\/infolettre-sec-speciale-avril2024-12790926?e=8ea5288360#new_tab\" target=\"_blank\" rel=\"noopener\">Lancement du nouveau site web SEC et webinaire<\/a><\/h2><div class=\"infolettre__date\">Avril 2024<\/div><\/div><\/div><div class=\"infolettre\"><div class=\"infolettre__image-container\"><img decoding=\"async\" src=\"https:\/\/www.carrefourfgafp.ca\/ServicesEducatifsComplementaires\/wp-content\/uploads\/2024\/06\/85a9988d-fabc-b28c-0a66-44c10e08a035.jpg\" alt=\"\" class=\"infolettre__image\"><\/div><div class=\"infolettre__info-container\"><h2><a href=\"https:\/\/mailchi.mp\/4676ed788098\/infolettre-sec-mars2024-12787041?e=263c0145f4\" target=\"_blank\" rel=\"noopener\">Des services en \u00e9volution<\/a><\/h2><div class=\"infolettre__date\">Mars 2024<\/div><\/div><\/div><\/div>\n<\/div><\/div>\n","protected":false},"excerpt":{"rendered":"<p>Infolettres Inscrivez-vous \u00e0 l\u2019infolettre Courriel Courriel Infolettres pr\u00e9c\u00e9dentes<\/p>\n","protected":false},"author":3,"featured_media":0,"parent":0,"menu_order":0,"comment_status":"closed","ping_status":"closed","template":"","meta":{"_acf_changed":false,"inline_featured_image":false,"_uag_custom_page_level_css":"\n","_monsterinsights_skip_tracking":false,"_monsterinsights_sitenote_active":false,"_monsterinsights_sitenote_note":"","_monsterinsights_sitenote_category":0,"site-sidebar-layout":"default","site-content-layout":"","ast-site-content-layout":"default","site-content-style":"default","site-sidebar-style":"default","ast-global-header-display":"","ast-banner-title-visibility":"","ast-main-header-display":"","ast-hfb-above-header-display":"","ast-hfb-below-header-display":"","ast-hfb-mobile-header-display":"","site-post-title":"disabled","ast-breadcrumbs-content":"","ast-featured-img":"","footer-sml-layout":"","theme-transparent-header-meta":"","adv-header-id-meta":"","stick-header-meta":"","header-above-stick-meta":"","header-main-stick-meta":"","header-below-stick-meta":"","astra-migrate-meta-layouts":"set","ast-page-background-enabled":"default","ast-page-background-meta":{"desktop":{"background-color":"var(--ast-global-color-4)","background-image":"","background-repeat":"repeat","background-position":"center center","background-size":"auto","background-attachment":"scroll","background-type":"","background-media":"","overlay-type":"","overlay-color":"","overlay-opacity":"","overlay-gradient":""},"tablet":{"background-color":"","background-image":"","background-repeat":"repeat","background-position":"center center","background-size":"auto","background-attachment":"scroll","background-type":"","background-media":"","overlay-type":"","overlay-color":"","overlay-opacity":"","overlay-gradient":""},"mobile":{"background-color":"","background-image":"","background-repeat":"repeat","background-position":"center center","background-size":"auto","background-attachment":"scroll","background-type":"","background-media":"","overlay-type":"","overlay-color":"","overlay-opacity":"","overlay-gradient":""}},"ast-content-background-meta":{"desktop":{"background-color":"var(--ast-global-color-5)","background-image":"","background-repeat":"repeat","background-position":"center center","background-size":"auto","background-attachment":"scroll","background-type":"","background-media":"","overlay-type":"","overlay-color":"","overlay-opacity":"","overlay-gradient":""},"tablet":{"background-color":"var(--ast-global-color-5)","background-image":"","background-repeat":"repeat","background-position":"center center","background-size":"auto","background-attachment":"scroll","background-type":"","background-media":"","overlay-type":"","overlay-color":"","overlay-opacity":"","overlay-gradient":""},"mobile":{"background-color":"var(--ast-global-color-5)","background-image":"","background-repeat":"repeat","background-position":"center center","background-size":"auto","background-attachment":"scroll","background-type":"","background-media":"","overlay-type":"","overlay-color":"","overlay-opacity":"","overlay-gradient":""}},"footnotes":""},"class_list":["post-8620","page","type-page","status-publish","hentry"],"acf":[],"uagb_featured_image_src":{"full":false,"thumbnail":false,"medium":false,"medium_large":false,"large":false,"1536x1536":false,"2048x2048":false},"uagb_author_info":{"display_name":"cedric","author_link":"https:\/\/www.carrefourfgafp.ca\/ServicesEducatifsComplementaires\/author\/cedric\/"},"uagb_comment_info":0,"uagb_excerpt":"Infolettres Inscrivez-vous \u00e0 l\u2019infolettre Courriel Courriel Infolettres pr\u00e9c\u00e9dentes","_links":{"self":[{"href":"https:\/\/www.carrefourfgafp.ca\/ServicesEducatifsComplementaires\/wp-json\/wp\/v2\/pages\/8620","targetHints":{"allow":["GET"]}}],"collection":[{"href":"https:\/\/www.carrefourfgafp.ca\/ServicesEducatifsComplementaires\/wp-json\/wp\/v2\/pages"}],"about":[{"href":"https:\/\/www.carrefourfgafp.ca\/ServicesEducatifsComplementaires\/wp-json\/wp\/v2\/types\/page"}],"author":[{"embeddable":true,"href":"https:\/\/www.carrefourfgafp.ca\/ServicesEducatifsComplementaires\/wp-json\/wp\/v2\/users\/3"}],"replies":[{"embeddable":true,"href":"https:\/\/www.carrefourfgafp.ca\/ServicesEducatifsComplementaires\/wp-json\/wp\/v2\/comments?post=8620"}],"version-history":[{"count":27,"href":"https:\/\/www.carrefourfgafp.ca\/ServicesEducatifsComplementaires\/wp-json\/wp\/v2\/pages\/8620\/revisions"}],"predecessor-version":[{"id":9959,"href":"https:\/\/www.carrefourfgafp.ca\/ServicesEducatifsComplementaires\/wp-json\/wp\/v2\/pages\/8620\/revisions\/9959"}],"wp:attachment":[{"href":"https:\/\/www.carrefourfgafp.ca\/ServicesEducatifsComplementaires\/wp-json\/wp\/v2\/media?parent=8620"}],"curies":[{"name":"wp","href":"https:\/\/api.w.org\/{rel}","templated":true}]}}